{"id":3172,"date":"2022-11-21T16:47:44","date_gmt":"2022-11-21T16:47:44","guid":{"rendered":"https:\/\/imera-paris.com\/press"},"modified":"2023-03-08T17:44:20","modified_gmt":"2023-03-08T17:44:20","slug":"press","status":"publish","type":"page","link":"https:\/\/imera-paris.com\/en\/press","title":{"rendered":"PRESS"},"content":{"rendered":"<p>[et_pb_section fb_built=&#8221;1&#8243; _builder_version=&#8221;4.7.7&#8243; _module_preset=&#8221;default&#8221; global_colors_info=&#8221;{}&#8221;][et_pb_row _builder_version=&#8221;4.14.5&#8243; _module_preset=&#8221;default&#8221; custom_margin=&#8221;60px||||false|false&#8221; locked=&#8221;off&#8221; global_colors_info=&#8221;{}&#8221;][et_pb_column type=&#8221;4_4&#8243; _builder_version=&#8221;4.14.5&#8243; _module_preset=&#8221;default&#8221; global_colors_info=&#8221;{}&#8221;][et_pb_text _builder_version=&#8221;4.14.8&#8243; _module_preset=&#8221;default&#8221; text_font=&#8221;DM Sans||||||||&#8221; text_text_color=&#8221;rgba(0,0,0,0.81)&#8221; text_font_size=&#8221;18px&#8221; text_orientation=&#8221;center&#8221; custom_margin=&#8221;0px||||false|false&#8221; global_colors_info=&#8221;{}&#8221;]<\/p>\n<p>Press releases<\/p>\n<p>[\/et_pb_text][\/et_pb_column][\/et_pb_row][et_pb_row column_structure=&#8221;1_2,1_2&#8243; _builder_version=&#8221;4.14.8&#8243; _module_preset=&#8221;default&#8221; global_colors_info=&#8221;{}&#8221;][et_pb_column type=&#8221;1_2&#8243; _builder_version=&#8221;4.14.8&#8243; _module_preset=&#8221;default&#8221; global_colors_info=&#8221;{}&#8221;][et_pb_image src=&#8221;https:\/\/imera-paris.com\/wp-content\/uploads\/2022\/11\/Les-Eclaireuses-151122.png&#8221; title_text=&#8221;Publication im\u00e9ra in Les Eclaireuses &#8211; 151122&#8243; url=&#8221;https:\/\/www.leseclaireuses.com\/mode\/mode-ecoresponsable\/mode-de-demain-cinq-marques-responsables-et-stylees-a-connaitre-yiq.html&#8221; align=&#8221;center&#8221; _builder_version=&#8221;4.14.8&#8243; _module_preset=&#8221;default&#8221; min_height=&#8221;634px&#8221; height=&#8221;634px&#8221; hover_enabled=&#8221;0&#8243; global_colors_info=&#8221;{}&#8221; sticky_enabled=&#8221;0&#8243;][\/et_pb_image][\/et_pb_column][et_pb_column type=&#8221;1_2&#8243; _builder_version=&#8221;4.14.8&#8243; _module_preset=&#8221;default&#8221; global_colors_info=&#8221;{}&#8221;][et_pb_image src=&#8221;https:\/\/imera-paris.com\/wp-content\/uploads\/2022\/11\/Capture-de\u0301cran-2022-11-21-a\u0300-17.46.41.png&#8221; _builder_version=&#8221;4.14.8&#8243; _module_preset=&#8221;default&#8221; title_text=&#8221;Publication im\u00e9ra &#8211; French brands&#8221; hover_enabled=&#8221;0&#8243; sticky_enabled=&#8221;0&#8243; url=&#8221;https:\/\/www.marques-de-france.fr\/listing\/imera\/&#8221;][\/et_pb_image][\/et_pb_column][\/et_pb_row][\/et_pb_section]<\/p>\n","protected":false},"excerpt":{"rendered":"<p>Press releases<\/p>\n","protected":false},"author":3,"featured_media":0,"parent":0,"menu_order":0,"comment_status":"closed","ping_status":"closed","template":"","meta":{"_et_pb_use_builder":"on","_et_pb_old_content":"","_et_gb_content_width":"","footnotes":""},"yoast_head":"<!-- This site is optimized with the Yoast SEO plugin v23.4 - https:\/\/yoast.com\/wordpress\/plugins\/seo\/ -->\n<title>PRESS - im\u00e9ra<\/title>\n<meta name=\"robots\" content=\"index, follow, max-snippet:-1, max-image-preview:large, max-video-preview:-1\" \/>\n<link rel=\"canonical\" href=\"https:\/\/imera-paris.com\/en\/press\" \/>\n<meta property=\"og:locale\" content=\"en_US\" \/>\n<meta property=\"og:type\" content=\"article\" \/>\n<meta property=\"og:title\" content=\"PRESS - im\u00e9ra\" \/>\n<meta property=\"og:description\" content=\"Press releases\" \/>\n<meta property=\"og:url\" content=\"https:\/\/imera-paris.com\/en\/press\" \/>\n<meta property=\"og:site_name\" content=\"im\u00e9ra\" \/>\n<meta property=\"article:publisher\" content=\"https:\/\/www.facebook.com\/imeraparis\" \/>\n<meta property=\"article:modified_time\" content=\"2023-03-08T17:44:20+00:00\" \/>\n<meta name=\"twitter:card\" content=\"summary_large_image\" \/>\n<meta name=\"twitter:label1\" content=\"Est. reading time\" \/>\n\t<meta name=\"twitter:data1\" content=\"1 minute\" \/>\n<script type=\"application\/ld+json\" class=\"yoast-schema-graph\">{\"@context\":\"https:\/\/schema.org\",\"@graph\":[{\"@type\":\"WebPage\",\"@id\":\"https:\/\/imera-paris.com\/en\/press\",\"url\":\"https:\/\/imera-paris.com\/en\/press\",\"name\":\"PRESS - im\u00e9ra\",\"isPartOf\":{\"@id\":\"https:\/\/imera-paris.com\/en#website\"},\"datePublished\":\"2022-11-21T16:47:44+00:00\",\"dateModified\":\"2023-03-08T17:44:20+00:00\",\"breadcrumb\":{\"@id\":\"https:\/\/imera-paris.com\/en\/press#breadcrumb\"},\"inLanguage\":\"en-US\",\"potentialAction\":[{\"@type\":\"ReadAction\",\"target\":[\"https:\/\/imera-paris.com\/en\/press\"]}]},{\"@type\":\"BreadcrumbList\",\"@id\":\"https:\/\/imera-paris.com\/en\/press#breadcrumb\",\"itemListElement\":[{\"@type\":\"ListItem\",\"position\":1,\"name\":\"Accueil\",\"item\":\"https:\/\/imera-paris.com\/en\"},{\"@type\":\"ListItem\",\"position\":2,\"name\":\"PRESS\"}]},{\"@type\":\"WebSite\",\"@id\":\"https:\/\/imera-paris.com\/en#website\",\"url\":\"https:\/\/imera-paris.com\/en\",\"name\":\"im\u00e9ra\",\"description\":\"Pr\u00eat-\u00e0-porter intemporel fabriqu\u00e9 en France \ud83e\udde1\",\"publisher\":{\"@id\":\"https:\/\/imera-paris.com\/en#organization\"},\"potentialAction\":[{\"@type\":\"SearchAction\",\"target\":{\"@type\":\"EntryPoint\",\"urlTemplate\":\"https:\/\/imera-paris.com\/en?s={search_term_string}\"},\"query-input\":{\"@type\":\"PropertyValueSpecification\",\"valueRequired\":true,\"valueName\":\"search_term_string\"}}],\"inLanguage\":\"en-US\"},{\"@type\":\"Organization\",\"@id\":\"https:\/\/imera-paris.com\/en#organization\",\"name\":\"im\u00e9ra\",\"url\":\"https:\/\/imera-paris.com\/en\",\"logo\":{\"@type\":\"ImageObject\",\"inLanguage\":\"en-US\",\"@id\":\"https:\/\/imera-paris.com\/en#\/schema\/logo\/image\/\",\"url\":\"https:\/\/imera-paris.com\/wp-content\/uploads\/2021\/11\/Logo_imera.png\",\"contentUrl\":\"https:\/\/imera-paris.com\/wp-content\/uploads\/2021\/11\/Logo_imera.png\",\"width\":512,\"height\":148,\"caption\":\"im\u00e9ra\"},\"image\":{\"@id\":\"https:\/\/imera-paris.com\/en#\/schema\/logo\/image\/\"},\"sameAs\":[\"https:\/\/www.facebook.com\/imeraparis\",\"https:\/\/www.instagram.com\/imeraparis\/\",\"https:\/\/www.youtube.com\/channel\/UCBjJ4Z-oRVx_9VBE5uvxNuw\"]}]}<\/script>\n<!-- \/ Yoast SEO plugin. -->","yoast_head_json":{"title":"PRESS - im\u00e9ra","robots":{"index":"index","follow":"follow","max-snippet":"max-snippet:-1","max-image-preview":"max-image-preview:large","max-video-preview":"max-video-preview:-1"},"canonical":"https:\/\/imera-paris.com\/en\/press","og_locale":"en_US","og_type":"article","og_title":"PRESS - im\u00e9ra","og_description":"Press releases","og_url":"https:\/\/imera-paris.com\/en\/press","og_site_name":"im\u00e9ra","article_publisher":"https:\/\/www.facebook.com\/imeraparis","article_modified_time":"2023-03-08T17:44:20+00:00","twitter_card":"summary_large_image","twitter_misc":{"Est. reading time":"1 minute"},"schema":{"@context":"https:\/\/schema.org","@graph":[{"@type":"WebPage","@id":"https:\/\/imera-paris.com\/en\/press","url":"https:\/\/imera-paris.com\/en\/press","name":"PRESS - im\u00e9ra","isPartOf":{"@id":"https:\/\/imera-paris.com\/en#website"},"datePublished":"2022-11-21T16:47:44+00:00","dateModified":"2023-03-08T17:44:20+00:00","breadcrumb":{"@id":"https:\/\/imera-paris.com\/en\/press#breadcrumb"},"inLanguage":"en-US","potentialAction":[{"@type":"ReadAction","target":["https:\/\/imera-paris.com\/en\/press"]}]},{"@type":"BreadcrumbList","@id":"https:\/\/imera-paris.com\/en\/press#breadcrumb","itemListElement":[{"@type":"ListItem","position":1,"name":"Accueil","item":"https:\/\/imera-paris.com\/en"},{"@type":"ListItem","position":2,"name":"PRESS"}]},{"@type":"WebSite","@id":"https:\/\/imera-paris.com\/en#website","url":"https:\/\/imera-paris.com\/en","name":"im\u00e9ra","description":"Pr\u00eat-\u00e0-porter intemporel fabriqu\u00e9 en France \ud83e\udde1","publisher":{"@id":"https:\/\/imera-paris.com\/en#organization"},"potentialAction":[{"@type":"SearchAction","target":{"@type":"EntryPoint","urlTemplate":"https:\/\/imera-paris.com\/en?s={search_term_string}"},"query-input":{"@type":"PropertyValueSpecification","valueRequired":true,"valueName":"search_term_string"}}],"inLanguage":"en-US"},{"@type":"Organization","@id":"https:\/\/imera-paris.com\/en#organization","name":"im\u00e9ra","url":"https:\/\/imera-paris.com\/en","logo":{"@type":"ImageObject","inLanguage":"en-US","@id":"https:\/\/imera-paris.com\/en#\/schema\/logo\/image\/","url":"https:\/\/imera-paris.com\/wp-content\/uploads\/2021\/11\/Logo_imera.png","contentUrl":"https:\/\/imera-paris.com\/wp-content\/uploads\/2021\/11\/Logo_imera.png","width":512,"height":148,"caption":"im\u00e9ra"},"image":{"@id":"https:\/\/imera-paris.com\/en#\/schema\/logo\/image\/"},"sameAs":["https:\/\/www.facebook.com\/imeraparis","https:\/\/www.instagram.com\/imeraparis\/","https:\/\/www.youtube.com\/channel\/UCBjJ4Z-oRVx_9VBE5uvxNuw"]}]}},"_links":{"self":[{"href":"https:\/\/imera-paris.com\/en\/wp-json\/wp\/v2\/pages\/3172"}],"collection":[{"href":"https:\/\/imera-paris.com\/en\/wp-json\/wp\/v2\/pages"}],"about":[{"href":"https:\/\/imera-paris.com\/en\/wp-json\/wp\/v2\/types\/page"}],"author":[{"embeddable":true,"href":"https:\/\/imera-paris.com\/en\/wp-json\/wp\/v2\/users\/3"}],"replies":[{"embeddable":true,"href":"https:\/\/imera-paris.com\/en\/wp-json\/wp\/v2\/comments?post=3172"}],"version-history":[{"count":2,"href":"https:\/\/imera-paris.com\/en\/wp-json\/wp\/v2\/pages\/3172\/revisions"}],"predecessor-version":[{"id":3174,"href":"https:\/\/imera-paris.com\/en\/wp-json\/wp\/v2\/pages\/3172\/revisions\/3174"}],"wp:attachment":[{"href":"https:\/\/imera-paris.com\/en\/wp-json\/wp\/v2\/media?parent=3172"}],"curies":[{"name":"wp","href":"https:\/\/api.w.org\/{rel}","templated":true}]}}