{"id":3170,"date":"2020-11-17T16:20:38","date_gmt":"2020-11-17T16:20:38","guid":{"rendered":"https:\/\/imera-paris.com\/gdpr-regulations"},"modified":"2023-03-08T17:43:13","modified_gmt":"2023-03-08T17:43:13","slug":"gdpr-regulations","status":"publish","type":"page","link":"https:\/\/imera-paris.com\/en\/gdpr-regulations","title":{"rendered":"GDPR regulations"},"content":{"rendered":"\n[et_pb_section fb_built=&#8221;1&#8243; _builder_version=&#8221;4.7.7&#8243; _module_preset=&#8221;default&#8221; global_colors_info=&#8221;{}&#8221;][et_pb_row _builder_version=&#8221;4.14.5&#8243; _module_preset=&#8221;default&#8221; custom_margin=&#8221;60px||||false|false&#8221; global_colors_info=&#8221;{}&#8221;][et_pb_column type=&#8221;4_4&#8243; _builder_version=&#8221;4.14.5&#8243; _module_preset=&#8221;default&#8221; global_colors_info=&#8221;{}&#8221;][et_pb_text _builder_version=&#8221;4.14.8&#8243; _module_preset=&#8221;default&#8221; text_font=&#8221;DM Sans||||||||&#8221; text_text_color=&#8221;rgba(0,0,0,0.81)&#8221; text_font_size=&#8221;18px&#8221; text_orientation=&#8221;center&#8221; custom_margin=&#8221;0px||||false|false&#8221; global_colors_info=&#8221;{}&#8221;]<p>Personal Data Processing Policy<\/p>[\/et_pb_text][\/et_pb_column][\/et_pb_row][et_pb_row _builder_version=&#8221;4.7.7&#8243; _module_preset=&#8221;default&#8221; global_colors_info=&#8221;{}&#8221;][et_pb_column type=&#8221;4_4&#8243; _builder_version=&#8221;4.7.7&#8243; _module_preset=&#8221;default&#8221; global_colors_info=&#8221;{}&#8221;][et_pb_text _builder_version=&#8221;4.14.8&#8243; _module_preset=&#8221;default&#8221; text_font=&#8221;DM Sans||||||||&#8221; text_orientation=&#8221;justified&#8221; global_colors_info=&#8221;{}&#8221;]<p class=\"p1\"><span class=\"s1\"><b>Personal data :<\/b><\/span><\/p>\n<p class=\"p2\"><span class=\"s1\"><b><\/b><\/span><\/p>\n<p class=\"p3\"><span id=\"p827\">When you make your purchases from<span> <\/span><strong><span id=\"875\" class=\"s-rg-t\">im\u00e9ra<\/span><\/strong>or subscribe to the newsletter, we collect information which makes it possible to identify you directly or indirectly, in particular by reference to an identifier, such as a name, an identification number or location data.<\/span><span id=\"p828\"><span> <\/span>These are your personal data.<\/span><span id=\"p829\"><span> <\/span>This section informs you about the processing carried out using your personal data, as well as the security put in place to ensure their protection.<\/span><\/p>\n<p class=\"p4\"><span class=\"s1\"><\/span><\/p>\n<p class=\"p3\"><strong><span class=\"s1\">1) Why does im\u00e9ra collect your data?<\/span><\/strong><\/p>\n<p class=\"p5\"><span class=\"s1\"><br><\/span><span class=\"s2\"><strong>im\u00e9ra<\/strong>, responsible for processing, needs your personal data and proceeds to their computer processing to carry out the operations relating to your order:<\/span><\/p>\n<ul class=\"ul1\">\n<li class=\"li5\"><span class=\"s3\"><\/span><span class=\"s2\">Registration, tracking and delivery,<\/span><\/li>\n<li class=\"li5\"><span class=\"s3\"><\/span><span class=\"s2\">Recording and securing your payment, collection of unpaid bills,<\/span><\/li>\n<li class=\"li3\"><span class=\"s1\">Personalized access to customer service by e-mail.<\/span><\/li>\n<\/ul>\n<p class=\"p6\"><span class=\"s1\"><\/span><\/p>\n<p class=\"p3\"><span class=\"s1\">This processing is carried out in order to allow us to provide you with the products you order.<\/span><\/p>\n<p class=\"p5\"><span class=\"s2\">When placing your order, we may have to check or have checked by our partner Stripe the regularity of the information transmitted and the means of payment used.<\/span><span class=\"s1\"><br><\/span><span class=\"s2\">The purpose of this automated processing of your personal data is to define a level of analysis of a transaction and to fight against fraud. If an order does not present or does not seem to present all the guarantees necessary to ensure a compliant and secure payment, we may ask you, to finalize the order, to provide us with proof relating to your identity, to the address billing or delivery, to the payment method used.<\/span><span class=\"s1\"><br><\/span><span class=\"s2\">Failure or refusal to send the requested items may lead us to refuse the order concerned. The same would apply in the event of an unregulated payment incident.<\/span><span class=\"s1\"><br><\/span><\/p>\n<p class=\"p3\"><span class=\"s1\">These provisions are intended to protect you in the event of loss or theft (credit card, check).<\/span><\/p>\n<p class=\"p4\"><span class=\"s1\"><\/span><\/p>\n<p class=\"p3\"><span class=\"s1\">Personal information and data are also useful to us for our commercial and marketing management:<\/span><\/p>\n<ul class=\"ul1\">\n<li class=\"li5\"><span class=\"s3\"><\/span><span class=\"s2\">Sending commercial offers (if you have not objected to them) by e-mail,<\/span><\/li>\n<li class=\"li5\"><span class=\"s3\"><\/span><span class=\"s2\">Statistics and measurements of site traffic,<\/span><\/li>\n<li class=\"li5\"><span class=\"s3\"><\/span><span class=\"s2\">Provision of sharing tools on social networks,<\/span><\/li>\n<li class=\"li5\"><span class=\"s3\"><\/span><span class=\"s2\">Standardization, enrichment and deduplication of our databases,<\/span><\/li>\n<li class=\"li3\"><span class=\"s1\">Sharing your contact details with our Mailchimp mailing tool (if you have not objected to it)<\/span><\/li>\n<\/ul>\n<p class=\"p6\"><span class=\"s1\"><\/span><\/p>\n<p class=\"p3\"><span class=\"s1\">This information is processed in the context of our legitimate interest in developing our business and providing you with the best possible service. Where required by law, we ask for your prior consent, for example before sending you marketing messages by electronic communication. We then process your data on the basis of this consent. You can withdraw your consent free of charge at any time without this affecting the processing of your personal data already carried out.<\/span><\/p>\n<p class=\"p4\"><span class=\"s1\"><\/span><\/p>\n<p class=\"p3\"><span class=\"s1\">In the collection forms, essential data is indicated by the symbol *. Without this data, it will not be possible for us to process your order or request.<\/span><\/p>\n<p class=\"p4\"><span class=\"s1\"><\/span><\/p>\n<p class=\"p3\"><strong><span class=\"s1\">2) To whom does im\u00e9ra transmit your data?<\/span><\/strong><\/p>\n<p class=\"p5\"><span class=\"s1\"><br><\/span><span class=\"s2\">The data collected may be transmitted to authorized persons<strong>im\u00e9ra<\/strong>, to our service providers, subcontractors, who will act on behalf of and following im\u00e9ra&#8217;s instructions for the following operations: entry of your order, production, tracking and delivery of packages, securing your payment, sending and distribution of Postal packages.<\/span><\/p>\n<p class=\"p4\"><span class=\"s1\"><\/span><\/p>\n<p class=\"p3\"><span class=\"s1\">They are transmitted to<strong>im\u00e9ra&#8217;s<\/strong>partners who can process this data on their behalf: banks, credit institutions, or commercial partners (in particular marketing and advertising agencies), as well as to social networks by providing tools sharing.<\/span><\/p>\n<p class=\"p4\"><span class=\"s1\"><\/span><\/p>\n<p class=\"p3\"><strong><span class=\"s1\">3) How does im\u00e9ra ensure the protection of your data?<\/span><\/strong><\/p>\n<p class=\"p5\"><span class=\"s1\"><br><\/span><span class=\"s2\">We have implemented the appropriate technical and organizational measures to ensure the security and confidentiality of data and information concerning you.<\/span><\/p>\n<p class=\"p3\"><span class=\"s1\">We have implemented security procedures both for the internal management of our files and the protection of our computer system and its electronic communication services, as well as for the methods of delivery to its service providers and partners.<\/span><\/p>\n<p class=\"p3\"><span class=\"s1\">We protect your personal data during transmission by using Secure Sockets Layer Software (SSL) which encrypts the information you enter before it is sent to us.<\/span><\/p>\n<p class=\"p3\"><span class=\"s1\">Our security procedures may require us to ask you for proof of your identity before we can provide you with your personal data.<\/span><\/p>\n<p class=\"p3\"><span class=\"s1\">We also ensure that our service providers and business partners are committed to protecting your data.<\/span><\/p>\n<p class=\"p3\"><span class=\"s1\">Note that it is important to protect yourself against unauthorized access to your password and to your computer. If you share a computer, you must log out after each use.<\/span><\/p>\n<p class=\"p4\"><span class=\"s1\"><\/span><\/p>\n<p class=\"p3\"><strong><span class=\"s1\">4) How long does imera keep your data?<\/span><\/strong><\/p>\n<p class=\"p5\"><span class=\"s1\"><br><\/span><span class=\"s2\">We keep your personal data for up to 10 years after your last order to meet our legal obligations, as well as to allow us to improve and personalize the services we offer you and the information we send you, if you do not you are not against it.<\/span><\/p>\n<p class=\"p3\"><span class=\"s1\">If you have never ordered, the data we have about you following a subscription to our newsletter will be kept for a maximum of 3 years.<\/span><\/p>\n<p class=\"p4\"><span class=\"s1\"><\/span><\/p>\n<p class=\"p3\"><strong><span class=\"s1\">5) What are your choices, your rights and how to exercise them?<\/span><\/strong><\/p>\n<p class=\"p5\"><span class=\"s1\"><br><\/span><span class=\"s2\">Depending on your choices, you may receive commercial offers from <strong>im\u00e9ra<\/strong>.<\/span><\/p>\n<p class=\"p4\"><span class=\"s1\"><\/span><\/p>\n<p class=\"p3\"><span class=\"s1\">If you do not wish this, please<strong>do not check<\/strong> he box &#8220;I wish to receive <strong>im\u00e9ra<\/strong>news by email&#8221; at the time of payment. <\/span><\/p>\n<p class=\"p4\"><span class=\"s1\"><\/span><\/p>\n<p class=\"p3\"><span class=\"s1\">In accordance with the applicable regulations, you have the right:<\/span><\/p>\n<p class=\"p5\"><span class=\"s2\">&#8211; To know what personal data concerning you we have (right of access);<\/span><span class=\"s1\"><br><\/span><span class=\"s2\">&#8211; To rectify or request the rectification of inaccurate data concerning you;<\/span><span class=\"s1\"><br><\/span><span class=\"s2\">&#8211; To request the erasure of data that is no longer necessary for the purposes for which it was initially collected or processed;<\/span><span class=\"s1\"><br><\/span><span class=\"s2\">&#8211; To withdraw your consent to the use of your data and, for legitimate reasons, to oppose their processing;<\/span><span class=\"s1\"><br><\/span><span class=\"s2\">&#8211; To object to your data being used for commercial prospecting purposes;<\/span><span class=\"s1\"><br><\/span><span class=\"s2\">&#8211; To request the portability of the data you have provided to us.<\/span><\/p>\n<p class=\"p4\"><span class=\"s1\"><\/span><\/p>\n<p class=\"p5\"><span class=\"s2\">Finally, you can formulate directives relating to the fate of your data after your death.<\/span><span class=\"s1\"><br><\/span><span class=\"s2\">The right to erasure will not lead to the deletion of invoices and information related to your orders, for which a legal retention obligation exists.<\/span><span class=\"s1\"><br><\/span><span class=\"s2\">To exercise these rights, contact im\u00e9ra by e-mail to the Data Protection Officer: <a href=\"mailto:dpo@blancheporte.fr\"><span class=\"s4\">contact@imera-paris.com<\/span><\/a> specifying your surname, first name, address and your customer number if you have one, to facilitate the processing of Requirement.<\/span><\/p>\n<p class=\"p3\"><span class=\"s1\">For any exercise of the right of access as well as in the event of reasonable doubt about the identity of the applicant, we will ask you for any document to prove your identity.<\/span><\/p>\n<p class=\"p3\"><span class=\"s1\">If you believe, after contacting us, that your &#8220;Data Protection&#8221; rights are not respected, you can file a complaint online with the CNIL <span class=\"s5\"><a href=\"https:\/\/www.cnil.fr\/\">https:\/\/www.cnil.fr\/<\/a> <a href=\"https:\/\/www.cnil.fr\/\"><\/a><\/span><\/span><\/p>\n<p class=\"p3\"><span class=\"s1\"><span class=\"s5\"><\/span><\/span><\/p>\n<p class=\"p3\"><em>Updated on : 08.03.23<\/em><\/p>[\/et_pb_text][\/et_pb_column][\/et_pb_row][\/et_pb_section]\n","protected":false},"excerpt":{"rendered":"<p>Personal Data Processing PolicyPersonal data : When you make your purchases from im\u00e9raor subscribe to the newsletter, we collect information which makes it possible to identify you directly or indirectly, in particular by reference to an identifier, such as a name, an identification number or location data. These are your personal data. This section informs [&hellip;]<\/p>\n","protected":false},"author":3,"featured_media":0,"parent":0,"menu_order":0,"comment_status":"closed","ping_status":"closed","template":"","meta":{"_et_pb_use_builder":"on","_et_pb_old_content":"","_et_gb_content_width":"","footnotes":""},"yoast_head":"<!-- This site is optimized with the Yoast SEO plugin v23.4 - https:\/\/yoast.com\/wordpress\/plugins\/seo\/ -->\n<title>GDPR regulations - im\u00e9ra<\/title>\n<meta name=\"robots\" content=\"index, follow, max-snippet:-1, max-image-preview:large, max-video-preview:-1\" \/>\n<link rel=\"canonical\" href=\"https:\/\/imera-paris.com\/en\/gdpr-regulations\" \/>\n<meta property=\"og:locale\" content=\"en_US\" \/>\n<meta property=\"og:type\" content=\"article\" \/>\n<meta property=\"og:title\" content=\"GDPR regulations - im\u00e9ra\" \/>\n<meta property=\"og:description\" content=\"Personal Data Processing PolicyPersonal data : When you make your purchases from im\u00e9raor subscribe to the newsletter, we collect information which makes it possible to identify you directly or indirectly, in particular by reference to an identifier, such as a name, an identification number or location data. These are your personal data. This section informs [&hellip;]\" \/>\n<meta property=\"og:url\" content=\"https:\/\/imera-paris.com\/en\/gdpr-regulations\" \/>\n<meta property=\"og:site_name\" content=\"im\u00e9ra\" \/>\n<meta property=\"article:publisher\" content=\"https:\/\/www.facebook.com\/imeraparis\" \/>\n<meta property=\"article:modified_time\" content=\"2023-03-08T17:43:13+00:00\" \/>\n<meta name=\"twitter:card\" content=\"summary_large_image\" \/>\n<meta name=\"twitter:label1\" content=\"Est. reading time\" \/>\n\t<meta name=\"twitter:data1\" content=\"6 minutes\" \/>\n<script type=\"application\/ld+json\" class=\"yoast-schema-graph\">{\"@context\":\"https:\/\/schema.org\",\"@graph\":[{\"@type\":\"WebPage\",\"@id\":\"https:\/\/imera-paris.com\/en\/gdpr-regulations\",\"url\":\"https:\/\/imera-paris.com\/en\/gdpr-regulations\",\"name\":\"GDPR regulations - im\u00e9ra\",\"isPartOf\":{\"@id\":\"https:\/\/imera-paris.com\/en#website\"},\"datePublished\":\"2020-11-17T16:20:38+00:00\",\"dateModified\":\"2023-03-08T17:43:13+00:00\",\"breadcrumb\":{\"@id\":\"https:\/\/imera-paris.com\/en\/gdpr-regulations#breadcrumb\"},\"inLanguage\":\"en-US\",\"potentialAction\":[{\"@type\":\"ReadAction\",\"target\":[\"https:\/\/imera-paris.com\/en\/gdpr-regulations\"]}]},{\"@type\":\"BreadcrumbList\",\"@id\":\"https:\/\/imera-paris.com\/en\/gdpr-regulations#breadcrumb\",\"itemListElement\":[{\"@type\":\"ListItem\",\"position\":1,\"name\":\"Accueil\",\"item\":\"https:\/\/imera-paris.com\/en\"},{\"@type\":\"ListItem\",\"position\":2,\"name\":\"GDPR regulations\"}]},{\"@type\":\"WebSite\",\"@id\":\"https:\/\/imera-paris.com\/en#website\",\"url\":\"https:\/\/imera-paris.com\/en\",\"name\":\"im\u00e9ra\",\"description\":\"Pr\u00eat-\u00e0-porter intemporel fabriqu\u00e9 en France \ud83e\udde1\",\"publisher\":{\"@id\":\"https:\/\/imera-paris.com\/en#organization\"},\"potentialAction\":[{\"@type\":\"SearchAction\",\"target\":{\"@type\":\"EntryPoint\",\"urlTemplate\":\"https:\/\/imera-paris.com\/en?s={search_term_string}\"},\"query-input\":{\"@type\":\"PropertyValueSpecification\",\"valueRequired\":true,\"valueName\":\"search_term_string\"}}],\"inLanguage\":\"en-US\"},{\"@type\":\"Organization\",\"@id\":\"https:\/\/imera-paris.com\/en#organization\",\"name\":\"im\u00e9ra\",\"url\":\"https:\/\/imera-paris.com\/en\",\"logo\":{\"@type\":\"ImageObject\",\"inLanguage\":\"en-US\",\"@id\":\"https:\/\/imera-paris.com\/en#\/schema\/logo\/image\/\",\"url\":\"https:\/\/imera-paris.com\/wp-content\/uploads\/2021\/11\/Logo_imera.png\",\"contentUrl\":\"https:\/\/imera-paris.com\/wp-content\/uploads\/2021\/11\/Logo_imera.png\",\"width\":512,\"height\":148,\"caption\":\"im\u00e9ra\"},\"image\":{\"@id\":\"https:\/\/imera-paris.com\/en#\/schema\/logo\/image\/\"},\"sameAs\":[\"https:\/\/www.facebook.com\/imeraparis\",\"https:\/\/www.instagram.com\/imeraparis\/\",\"https:\/\/www.youtube.com\/channel\/UCBjJ4Z-oRVx_9VBE5uvxNuw\"]}]}<\/script>\n<!-- \/ Yoast SEO plugin. -->","yoast_head_json":{"title":"GDPR regulations - im\u00e9ra","robots":{"index":"index","follow":"follow","max-snippet":"max-snippet:-1","max-image-preview":"max-image-preview:large","max-video-preview":"max-video-preview:-1"},"canonical":"https:\/\/imera-paris.com\/en\/gdpr-regulations","og_locale":"en_US","og_type":"article","og_title":"GDPR regulations - im\u00e9ra","og_description":"Personal Data Processing PolicyPersonal data : When you make your purchases from im\u00e9raor subscribe to the newsletter, we collect information which makes it possible to identify you directly or indirectly, in particular by reference to an identifier, such as a name, an identification number or location data. These are your personal data. This section informs [&hellip;]","og_url":"https:\/\/imera-paris.com\/en\/gdpr-regulations","og_site_name":"im\u00e9ra","article_publisher":"https:\/\/www.facebook.com\/imeraparis","article_modified_time":"2023-03-08T17:43:13+00:00","twitter_card":"summary_large_image","twitter_misc":{"Est. reading time":"6 minutes"},"schema":{"@context":"https:\/\/schema.org","@graph":[{"@type":"WebPage","@id":"https:\/\/imera-paris.com\/en\/gdpr-regulations","url":"https:\/\/imera-paris.com\/en\/gdpr-regulations","name":"GDPR regulations - im\u00e9ra","isPartOf":{"@id":"https:\/\/imera-paris.com\/en#website"},"datePublished":"2020-11-17T16:20:38+00:00","dateModified":"2023-03-08T17:43:13+00:00","breadcrumb":{"@id":"https:\/\/imera-paris.com\/en\/gdpr-regulations#breadcrumb"},"inLanguage":"en-US","potentialAction":[{"@type":"ReadAction","target":["https:\/\/imera-paris.com\/en\/gdpr-regulations"]}]},{"@type":"BreadcrumbList","@id":"https:\/\/imera-paris.com\/en\/gdpr-regulations#breadcrumb","itemListElement":[{"@type":"ListItem","position":1,"name":"Accueil","item":"https:\/\/imera-paris.com\/en"},{"@type":"ListItem","position":2,"name":"GDPR regulations"}]},{"@type":"WebSite","@id":"https:\/\/imera-paris.com\/en#website","url":"https:\/\/imera-paris.com\/en","name":"im\u00e9ra","description":"Pr\u00eat-\u00e0-porter intemporel fabriqu\u00e9 en France \ud83e\udde1","publisher":{"@id":"https:\/\/imera-paris.com\/en#organization"},"potentialAction":[{"@type":"SearchAction","target":{"@type":"EntryPoint","urlTemplate":"https:\/\/imera-paris.com\/en?s={search_term_string}"},"query-input":{"@type":"PropertyValueSpecification","valueRequired":true,"valueName":"search_term_string"}}],"inLanguage":"en-US"},{"@type":"Organization","@id":"https:\/\/imera-paris.com\/en#organization","name":"im\u00e9ra","url":"https:\/\/imera-paris.com\/en","logo":{"@type":"ImageObject","inLanguage":"en-US","@id":"https:\/\/imera-paris.com\/en#\/schema\/logo\/image\/","url":"https:\/\/imera-paris.com\/wp-content\/uploads\/2021\/11\/Logo_imera.png","contentUrl":"https:\/\/imera-paris.com\/wp-content\/uploads\/2021\/11\/Logo_imera.png","width":512,"height":148,"caption":"im\u00e9ra"},"image":{"@id":"https:\/\/imera-paris.com\/en#\/schema\/logo\/image\/"},"sameAs":["https:\/\/www.facebook.com\/imeraparis","https:\/\/www.instagram.com\/imeraparis\/","https:\/\/www.youtube.com\/channel\/UCBjJ4Z-oRVx_9VBE5uvxNuw"]}]}},"_links":{"self":[{"href":"https:\/\/imera-paris.com\/en\/wp-json\/wp\/v2\/pages\/3170"}],"collection":[{"href":"https:\/\/imera-paris.com\/en\/wp-json\/wp\/v2\/pages"}],"about":[{"href":"https:\/\/imera-paris.com\/en\/wp-json\/wp\/v2\/types\/page"}],"author":[{"embeddable":true,"href":"https:\/\/imera-paris.com\/en\/wp-json\/wp\/v2\/users\/3"}],"replies":[{"embeddable":true,"href":"https:\/\/imera-paris.com\/en\/wp-json\/wp\/v2\/comments?post=3170"}],"version-history":[{"count":1,"href":"https:\/\/imera-paris.com\/en\/wp-json\/wp\/v2\/pages\/3170\/revisions"}],"predecessor-version":[{"id":3171,"href":"https:\/\/imera-paris.com\/en\/wp-json\/wp\/v2\/pages\/3170\/revisions\/3171"}],"wp:attachment":[{"href":"https:\/\/imera-paris.com\/en\/wp-json\/wp\/v2\/media?parent=3170"}],"curies":[{"name":"wp","href":"https:\/\/api.w.org\/{rel}","templated":true}]}}