{"id":3161,"date":"2021-03-15T13:48:39","date_gmt":"2021-03-15T13:48:39","guid":{"rendered":"https:\/\/imera-paris.com\/terms-and-conditions"},"modified":"2023-03-08T17:16:09","modified_gmt":"2023-03-08T17:16:09","slug":"terms-and-conditions","status":"publish","type":"page","link":"https:\/\/imera-paris.com\/en\/terms-and-conditions","title":{"rendered":"Terms and Conditions"},"content":{"rendered":"<p>[et_pb_section fb_built=&#8221;1&#8243; _builder_version=&#8221;4.7.7&#8243; _module_preset=&#8221;default&#8221; global_colors_info=&#8221;{}&#8221;][et_pb_row _builder_version=&#8221;4.14.5&#8243; _module_preset=&#8221;default&#8221; custom_margin=&#8221;60px||||false|false&#8221; locked=&#8221;off&#8221; global_colors_info=&#8221;{}&#8221;][et_pb_column type=&#8221;4_4&#8243; _builder_version=&#8221;4.6.6&#8243; _module_preset=&#8221;default&#8221; global_colors_info=&#8221;{}&#8221;][et_pb_text _builder_version=&#8221;4.14.5&#8243; _module_preset=&#8221;default&#8221; text_font=&#8221;DM Sans||||||||&#8221; text_text_color=&#8221;rgba(0,0,0,0.81)&#8221; text_font_size=&#8221;18px&#8221; text_orientation=&#8221;center&#8221; custom_margin=&#8221;0px||||false|false&#8221; global_colors_info=&#8221;{}&#8221;]<\/p>\n<p>Terms and Conditions<\/p>\n<p>[\/et_pb_text][\/et_pb_column][\/et_pb_row][et_pb_row _builder_version=&#8221;4.7.7&#8243; _module_preset=&#8221;default&#8221; global_colors_info=&#8221;{}&#8221;][et_pb_column type=&#8221;4_4&#8243; _builder_version=&#8221;4.7.7&#8243; _module_preset=&#8221;default&#8221; global_colors_info=&#8221;{}&#8221;][et_pb_text _builder_version=&#8221;4.14.8&#8243; _module_preset=&#8221;default&#8221; text_font=&#8221;DM Sans||||||||&#8221; custom_margin_tablet=&#8221;&#8221; custom_margin_phone=&#8221;|-23px||-23px|false|false&#8221; custom_margin_last_edited=&#8221;on|phone&#8221; hover_enabled=&#8221;0&#8243; global_colors_info=&#8221;{}&#8221; sticky_enabled=&#8221;0&#8243;]<\/p>\n<p class=\"p1\" style=\"text-align: justify;\"><span id=\"p365\">These conditions of sale are concluded between, on the one hand by the company hereinafter referred to as <strong><span id=\"385\">LCJ<\/span> <span id=\"386\">CREATION<\/span><\/strong> LCJ CREATION and on the other hand, by any natural or legal person wishing to make a purchase via the website of \u201c<span id=\"387\">www<\/span>.<\/span><span id=\"p366\"><span id=\"388\" class=\"s-rg-t\">imera-paris<\/span>.<\/span><span id=\"p367\"><span id=\"389\">com<\/span>\u201d hereinafter referred to as \u201cthe buyer\u201c\u201c.<\/span><\/p>\n<p class=\"p3\" style=\"text-align: justify;\"><strong>Object<\/strong><\/p>\n<p class=\"p1\" style=\"text-align: justify;\"><span id=\"p369\">These conditions of sale aim to define the contractual relationship between <strong><span id=\"390\">LCJ<\/span> <span id=\"391\">CREATION<\/span><\/strong> and the buyer and the conditions applicable to any purchase made through the commercial site of www.imera-paris.com.<\/span><br \/><span id=\"p370\">The acquisition of a property through this site implies unreserved acceptance by the buyer of these conditions of sale.<\/span><br \/><span id=\"p371\">These conditions of sale shall prevail above<span> <\/span>all<span> <\/span>other general or specific conditions<span> <\/span>not expressly<span> <\/span>approved<span> <\/span>by<span> <\/span><strong><span id=\"395\" class=\"s-rg-t\">LCJ<\/span> <span id=\"396\" class=\"s-rg-t\">CREATION<\/span><\/strong><span> <\/span>which reserves the right to modify them at any time.<\/span><span id=\"p372\"><span> <\/span>In this case, the applicable conditions will be those in force on the date of the order by the buyer.<\/span><\/p>\n<p class=\"p3\" style=\"text-align: justify;\"><strong>Characteristics of the goods offered<\/strong><\/p>\n<p class=\"p1\" style=\"text-align: justify;\"><span id=\"p374\">The products offered are those listed in the catalog published on the site www.im\u00e9ra-paris.com.<\/span><br \/><span id=\"p375\">These products are offered within the limits of available stocks.<\/span><br \/><span id=\"p376\">Each product is accompanied by a description established by the site www.im\u00e9ra-paris.com.<\/span><br \/><span id=\"p401\">The photographs in the catalog are as faithful as possible, but cannot ensure perfect similarity with the product offered, particularly with regard to colors.<\/span><\/p>\n<p class=\"p3\" style=\"text-align: justify;\"><strong>Prices<\/strong><\/p>\n<p class=\"p1\" style=\"text-align: justify;\"><span id=\"p402\">The prices appearing in the catalog are prices including VAT in euros taking into account the VAT applicable on the day of the order;<\/span><span id=\"p380\"><span> <\/span>any change in the rate may be passed on to the price of the products or services.<\/span><br \/><span id=\"p381\">The company reserves the right to modify its prices at any time, it being understood, however, that the price appearing in the catalog on the day of the order will be the only one applicable to the buyer.<\/span><br \/><span id=\"p403\">The prices indicated do not include order processing, transport and delivery costs insofar as they take place in the geographical areas provided for below.<\/span><\/p>\n<p class=\"p3\" style=\"text-align: justify;\"><strong>Geographical area<\/strong><\/p>\n<p class=\"p1\" style=\"text-align: justify;\">The online sale of products and services presented on the site is reserved for buyers residing in Metropolitan France, Monaco and Corsica and for deliveries required in these geographical areas.<\/p>\n<p class=\"p3\" style=\"text-align: justify;\"><strong>Orders<\/strong><\/p>\n<p class=\"p1\" style=\"text-align: justify;\"><span id=\"p424\">The buyer, who wishes to buy a product, must:<\/span><\/p>\n<p><span id=\"p425\">\u2013<\/span><span id=\"p481\"><span> <\/span>Fill in the identification form on which he will indicate all the contact details requested;<\/span><br \/><span id=\"p429\">\u2013<\/span><span id=\"p480\"><span> <\/span>Add to his cart the item<span id=\"p479\">(s)<\/span><span> <\/span>article<span id=\"p478\">(s)<\/span><span> <\/span> ; they wishes to buy, indicating quantity and size;<\/span><br \/><span id=\"p431\">\u2013<\/span><span id=\"p477\"><span> <\/span>Vconfirm your order after checking it ;<\/span><br \/><span id=\"p433\">\u2013<\/span><span id=\"p434\"><span> <\/span>Make the payment under the conditions provided.<\/span><\/p>\n<p><span id=\"p482\">Confirmation of the order entails acceptance of these conditions of sale and waiver of its own conditions of purchase.<\/span><br \/><span id=\"p483\">All the data provided and the recorded confirmation will constitute proof of the transaction.<\/span><span id=\"p484\"><span> <\/span>The confirmation will be worth the signature and acceptance of the operations carried out.<\/span><br \/><span id=\"p438\">The company will communicate by e-mail confirmation of the registered order.<\/span><\/p>\n<p class=\"p1\" style=\"text-align: justify;\">To find out more about the delivery and return methods, please consult this <a href=\"https:\/\/imera-paris.com\/en\/shipping-and-returns\">page<\/a><\/p>\n<p class=\"p3\" style=\"text-align: justify;\"><strong>Withdrawal<\/strong><\/p>\n<p class=\"p1\" style=\"text-align: justify;\"><span>The buyer must send his request by e-mail from his customer area with his order number or to the following address:<\/span><\/p>\n<p class=\"p1\" style=\"text-align: justify;\"><a href=\"mailto:contact@imera-paris.com\">contact@imera-paris.com<\/a><\/p>\n<p class=\"p1\" style=\"text-align: justify;\"><span id=\"p488\">Private buyers have a legal right of withdrawal of fourteen<span> <\/span><span id=\"p487\">(14)<\/span><span> <\/span>days from the day after receipt of their order.<\/span><span id=\"p445\"><span> <\/span>If this period expires on a Saturday, Sunday or public holiday, it is extended until the first following working day.<\/span><\/p>\n<p><span id=\"p447\">The return of the product to the company must take place no later than fourteen<span> <\/span><span id=\"p446\">(14)<\/span><span> <\/span>days after the buyer&#8217;s withdrawal has been sent.<\/span><span id=\"p448\"><span> <\/span>The product will be refunded to the buyer and the return costs will be borne by the company.<\/span><\/p>\n<p class=\"p3\" style=\"text-align: justify;\"><strong>Payment terms<\/strong><\/p>\n<p class=\"p1\" style=\"text-align: justify;\"><span id=\"p450\">The price is payable when ordering.<\/span><br \/><span id=\"p489\">Payments will be made by credit card;<\/span><span id=\"p453\"><span> <\/span>they will be carried out through the secure system which uses the <span> <\/span><span id=\"474\" class=\"s-rg-t\">SSL<\/span><span> <\/span><span id=\"p451\">(<span id=\"471\" class=\"s-rg-t\">Secure<\/span><span> <\/span>Socket Layer)<\/span><span> <\/span>protocol so that the information transmitted is encrypted by software and that no third party can read it during transport on the network.<\/span><br \/><span id=\"p490\">The buyer&#8217;s account will be debited when ordering the products and the amount of the products sent.<\/span><\/p>\n<p class=\"p3\" style=\"text-align: justify;\"><strong>Deliveries<\/strong><strong><\/strong><\/p>\n<p><span id=\"p520\">Delivery means the transfer to the buyer of the physical possession of the products.<\/span><\/p>\n<p><span id=\"p589\">he delivery takes place, according to the choice of the buyer, by the reception of the products at the postal address indicated given with or without signature, it being specified that this must be the address of residence of the buyer, of a natural person of his choice or a legal person<span> <\/span><span id=\"p588\">(delivery to his company)<\/span>.<\/span><\/p>\n<p><span id=\"p523\">Delivery cannot be made to hotels or PO boxes.<\/span><\/p>\n<p><span id=\"p524\">In addition, the delivery of the products is carried out only in Metropolitan France, Corsica and Monaco.<\/span><\/p>\n<p><span id=\"p525\">The delivery costs applicable to the order are those mentioned on the site in the basket at the time of the order and in the \u201cDelivery and returns\u201d section.<\/span><\/p>\n<p><span id=\"p526\">When the company takes care of the delivery of the product, it bears the risk of loss or deterioration of the product until the moment of delivery.<\/span><span id=\"p527\"><span> <\/span>On the other hand, when the buyer takes care of the delivery of the product, the risks are transferred to the buyer when he hands over the product to the carrier.<\/span><\/p>\n<p><span id=\"p528\">Transport is provided by the services of La Poste<span> <\/span><span id=\"565\" class=\"s-rg-t\">Colissimo<\/span><span> <\/span>suivi, for home delivery with or without signature, from Monday to Saturday, depending on the option chosen by the buyer when validating his Order.<\/span><\/p>\n<p><span id=\"p531\">The company delivers the orders within a maximum period of<span> <\/span><span id=\"p530\">(thirty)<\/span><span> <\/span>working days for a Delivery in Metropolitan France<span> <\/span><span id=\"p529\">(including Corsica and Monaco)<\/span>, this period being counted from the first working day after the validation of the Order.<\/span><\/p>\n<p><span id=\"p534\">In order for these deadlines to be respected, the buyer must ensure that he has provided exact and complete information concerning the delivery address.<span> <\/span><span id=\"p592\">(<\/span><span id=\"p593\">Such as, in particular :<\/span><span id=\"p533\"><span> <\/span>street number, building number, staircase number, access codes, names and\/or intercom numbers, etc.)<\/span>.<\/span><\/p>\n<p><span id=\"p591\">If it is impossible to make the delivery due to an incorrect delivery address, no reshipment can be made and the buyer will be reimbursed within thirty<span> <\/span><span id=\"p590\">(30)<\/span><span> <\/span>days of receipt of the order by the company. .<\/span><\/p>\n<p class=\"p3\" style=\"text-align: justify;\"><strong>Guarantee<\/strong><\/p>\n<p class=\"p1\" style=\"text-align: justify;\"><span id=\"p538\">For any complaint from the buyer on his order, he can contact customer service from his dedicated space in the &#8220;Account&#8221; tab of the site.<span> <\/span><span id=\"568\"><a href=\"http:\/\/www.imera-paris.com\">www.imera-paris.com<\/a><\/span><\/span><br \/><span id=\"p539\">All the products supplied by the company benefit from the legal guarantee provided for by articles 1641 and following of the Civil Code.<\/span><\/p>\n<p class=\"p3\" style=\"text-align: justify;\"><strong>Responsibility<\/strong><\/p>\n<p class=\"p1\" style=\"text-align: justify;\"><span id=\"p594\">The company, in the online sales process, is only bound by an obligation of means ;<\/span><span id=\"p595\"><span> <\/span>its responsibility cannot be engaged for damage resulting from the use of the Internet network such as the loss of data, intrusion, virus, interruption of service, or other involuntary problems.<\/span><\/p>\n<p class=\"p3\" style=\"text-align: justify;\"><strong>Intellectual property<\/strong><\/p>\n<p class=\"p1\" style=\"text-align: justify;\"><span id=\"p544\">All elements of the site &#8220;<span id=\"572\">www<\/span>.<\/span><span id=\"p545\"><span id=\"573\" class=\"s-rg-t\">imera-paris<\/span>.<\/span><span id=\"p546\"><span id=\"574\" class=\"s-rg-t\">com<\/span>&#8221; are and remain the intellectual and exclusive property of the company.<\/span><br \/><span id=\"p596\">No one is authorized to reproduce, exploit, redistribute, or use in any capacity whatsoever, even partially, elements of the site, whether software, visual or sound.<\/span><br \/><span id=\"p548\">Any simple or hypertext link is strictly prohibited without the written consent of the company.<\/span><\/p>\n<p><span id=\"p549\">The <span id=\"576\" class=\"s-rg-t\">im\u00e9ra<\/span><span> <\/span>brand as well as all figurative or non-figurative brands and more generally all other brands, illustrations, images and logos appearing on the Goods, their accessories and their packaging, whether registered or not, are and will remain the exclusive property of<strong><span id=\"577\" class=\"s-rg-t\">im\u00e9ra<\/span><\/strong>.<\/span><span id=\"p550\"><span> <\/span>The <span>im\u00e9ra<\/span><span> <\/span>brand as well as all figurative or non-figurative brands and more generally all other brands, illustrations, images and logos appearing on the Goods, their accessories and their packaging, whether registered or not, are and will remain the exclusive property of<strong><span id=\"579\" class=\"s-rg-t\">im\u00e9ra<\/span><\/strong>.<\/span><span id=\"p551\"><span> <\/span>The same applies to any combination or conjunction with any other brand, symbol, logotype and more generally any distinctive sign intended to form a composite logo.<\/span><span id=\"p552\"><span> <\/span>The same applies to all copyrights, designs, models and patents which are the property of <strong><span id=\"580\" class=\"s-rg-t\">im\u00e9ra<\/span><\/strong>.<\/span><span id=\"p553\"><span> <\/span>In addition, all designs, visuals of which <span id=\"581\">im\u00e9ra<\/span><span> <\/span>is the author, that is to say, created by <strong><span id=\"583\">im\u00e9ra<\/span><\/strong><span> <\/span>internally, can only be used exclusively by<span> <\/span><strong><span id=\"584\">im\u00e9ra<\/span><\/strong>.<\/span><\/p>\n<p class=\"p3\" style=\"text-align: justify;\"><strong>Litigation<\/strong><\/p>\n<p class=\"p1\">If the buyer wishes to open a dispute with the company, he must contact the company first, by writing his request by e-mail, via his customer area or directly to the address <a href=\"mailto:contact@imera-paris.com\"><span class=\"s1\">contact@imera-paris.com<\/span><\/a>specifying the reference of his order.<\/p>\n<p class=\"p1\">If the buyer and the company fail to reach an agreement, the buyer may choose to use a mediation process, in accordance with article L.612-1 of consumer law.<\/p>\n<p class=\"p1\">The buyer can then make his request by e-mail to: <span class=\"s1\"><a href=\"http:\/\/www.medicys-consommation.fr\">www.medicys-consommation.fr<\/a> <a href=\"http:\/\/www.medicys-consommation.fr\"> <\/a><\/span>or send a post to: M\u00e9dicys &#8211; 73, Boulevard de Clichy 75009, Paris<\/p>\n<p class=\"p2\">\n<p class=\"p1\">The mediator&#8217;s website is: www.medicys-consommation.fr<\/p>\n<p class=\"p1\" style=\"text-align: justify;\">\n<p class=\"p1\" style=\"text-align: justify;\"><span id=\"p597\">These online sales conditions are subject to French law.<\/span><br \/><span id=\"p598\">In the event of a dispute, jurisdiction is assigned to the competent courts of Nanterre, notwithstanding multiple defendants or warranty claims.<\/span><\/p>\n<p class=\"p2\"><strong><span class=\"s2\">Updates to our Terms and Conditions<\/span><\/strong><\/p>\n<p><span id=\"p558\">Our General Conditions of Sale are regularly updated.<\/span><span id=\"p559\"><span> <\/span>The date of the latest version of our General Conditions of Sale is available on our site.<\/span><span id=\"p560\"> <\/span><span class=\"s1\"><\/span><span><\/span><\/p>\n<p class=\"p2\"><span><\/span><\/p>\n<p class=\"p1\"><em><span class=\"s1\">Last update : 08.03.23<\/span><\/em><\/p>\n<p>[\/et_pb_text][\/et_pb_column][\/et_pb_row][\/et_pb_section]<\/p>\n","protected":false},"excerpt":{"rendered":"<p>Terms and ConditionsThese conditions of sale are concluded between, on the one hand by the company hereinafter referred to as LCJ CREATION LCJ CREATION and on the other hand, by any natural or legal person wishing to make a purchase via the website of \u201cwww.imera-paris.com\u201d hereinafter referred to as \u201cthe buyer\u201c\u201c. Object These conditions of [&hellip;]<\/p>\n","protected":false},"author":3,"featured_media":0,"parent":0,"menu_order":0,"comment_status":"closed","ping_status":"closed","template":"","meta":{"_et_pb_use_builder":"on","_et_pb_old_content":"","_et_gb_content_width":"","footnotes":""},"yoast_head":"<!-- This site is optimized with the Yoast SEO plugin v23.4 - https:\/\/yoast.com\/wordpress\/plugins\/seo\/ -->\n<title>Terms and Conditions - im\u00e9ra<\/title>\n<meta name=\"robots\" content=\"index, follow, max-snippet:-1, max-image-preview:large, max-video-preview:-1\" \/>\n<link rel=\"canonical\" href=\"https:\/\/imera-paris.com\/en\/terms-and-conditions\" \/>\n<meta property=\"og:locale\" content=\"en_US\" \/>\n<meta property=\"og:type\" content=\"article\" \/>\n<meta property=\"og:title\" content=\"Terms and Conditions - im\u00e9ra\" \/>\n<meta property=\"og:description\" content=\"Terms and ConditionsThese conditions of sale are concluded between, on the one hand by the company hereinafter referred to as LCJ CREATION LCJ CREATION and on the other hand, by any natural or legal person wishing to make a purchase via the website of \u201cwww.imera-paris.com\u201d hereinafter referred to as \u201cthe buyer\u201c\u201c. Object These conditions of [&hellip;]\" \/>\n<meta property=\"og:url\" content=\"https:\/\/imera-paris.com\/en\/terms-and-conditions\" \/>\n<meta property=\"og:site_name\" content=\"im\u00e9ra\" \/>\n<meta property=\"article:publisher\" content=\"https:\/\/www.facebook.com\/imeraparis\" \/>\n<meta property=\"article:modified_time\" content=\"2023-03-08T17:16:09+00:00\" \/>\n<meta name=\"twitter:card\" content=\"summary_large_image\" \/>\n<meta name=\"twitter:label1\" content=\"Est. reading time\" \/>\n\t<meta name=\"twitter:data1\" content=\"8 minutes\" \/>\n<script type=\"application\/ld+json\" class=\"yoast-schema-graph\">{\"@context\":\"https:\/\/schema.org\",\"@graph\":[{\"@type\":\"WebPage\",\"@id\":\"https:\/\/imera-paris.com\/en\/terms-and-conditions\",\"url\":\"https:\/\/imera-paris.com\/en\/terms-and-conditions\",\"name\":\"Terms and Conditions - im\u00e9ra\",\"isPartOf\":{\"@id\":\"https:\/\/imera-paris.com\/en#website\"},\"datePublished\":\"2021-03-15T13:48:39+00:00\",\"dateModified\":\"2023-03-08T17:16:09+00:00\",\"breadcrumb\":{\"@id\":\"https:\/\/imera-paris.com\/en\/terms-and-conditions#breadcrumb\"},\"inLanguage\":\"en-US\",\"potentialAction\":[{\"@type\":\"ReadAction\",\"target\":[\"https:\/\/imera-paris.com\/en\/terms-and-conditions\"]}]},{\"@type\":\"BreadcrumbList\",\"@id\":\"https:\/\/imera-paris.com\/en\/terms-and-conditions#breadcrumb\",\"itemListElement\":[{\"@type\":\"ListItem\",\"position\":1,\"name\":\"Accueil\",\"item\":\"https:\/\/imera-paris.com\/en\"},{\"@type\":\"ListItem\",\"position\":2,\"name\":\"Terms and Conditions\"}]},{\"@type\":\"WebSite\",\"@id\":\"https:\/\/imera-paris.com\/en#website\",\"url\":\"https:\/\/imera-paris.com\/en\",\"name\":\"im\u00e9ra\",\"description\":\"Pr\u00eat-\u00e0-porter intemporel fabriqu\u00e9 en France \ud83e\udde1\",\"publisher\":{\"@id\":\"https:\/\/imera-paris.com\/en#organization\"},\"potentialAction\":[{\"@type\":\"SearchAction\",\"target\":{\"@type\":\"EntryPoint\",\"urlTemplate\":\"https:\/\/imera-paris.com\/en?s={search_term_string}\"},\"query-input\":{\"@type\":\"PropertyValueSpecification\",\"valueRequired\":true,\"valueName\":\"search_term_string\"}}],\"inLanguage\":\"en-US\"},{\"@type\":\"Organization\",\"@id\":\"https:\/\/imera-paris.com\/en#organization\",\"name\":\"im\u00e9ra\",\"url\":\"https:\/\/imera-paris.com\/en\",\"logo\":{\"@type\":\"ImageObject\",\"inLanguage\":\"en-US\",\"@id\":\"https:\/\/imera-paris.com\/en#\/schema\/logo\/image\/\",\"url\":\"https:\/\/imera-paris.com\/wp-content\/uploads\/2021\/11\/Logo_imera.png\",\"contentUrl\":\"https:\/\/imera-paris.com\/wp-content\/uploads\/2021\/11\/Logo_imera.png\",\"width\":512,\"height\":148,\"caption\":\"im\u00e9ra\"},\"image\":{\"@id\":\"https:\/\/imera-paris.com\/en#\/schema\/logo\/image\/\"},\"sameAs\":[\"https:\/\/www.facebook.com\/imeraparis\",\"https:\/\/www.instagram.com\/imeraparis\/\",\"https:\/\/www.youtube.com\/channel\/UCBjJ4Z-oRVx_9VBE5uvxNuw\"]}]}<\/script>\n<!-- \/ Yoast SEO plugin. -->","yoast_head_json":{"title":"Terms and Conditions - im\u00e9ra","robots":{"index":"index","follow":"follow","max-snippet":"max-snippet:-1","max-image-preview":"max-image-preview:large","max-video-preview":"max-video-preview:-1"},"canonical":"https:\/\/imera-paris.com\/en\/terms-and-conditions","og_locale":"en_US","og_type":"article","og_title":"Terms and Conditions - im\u00e9ra","og_description":"Terms and ConditionsThese conditions of sale are concluded between, on the one hand by the company hereinafter referred to as LCJ CREATION LCJ CREATION and on the other hand, by any natural or legal person wishing to make a purchase via the website of \u201cwww.imera-paris.com\u201d hereinafter referred to as \u201cthe buyer\u201c\u201c. Object These conditions of [&hellip;]","og_url":"https:\/\/imera-paris.com\/en\/terms-and-conditions","og_site_name":"im\u00e9ra","article_publisher":"https:\/\/www.facebook.com\/imeraparis","article_modified_time":"2023-03-08T17:16:09+00:00","twitter_card":"summary_large_image","twitter_misc":{"Est. reading time":"8 minutes"},"schema":{"@context":"https:\/\/schema.org","@graph":[{"@type":"WebPage","@id":"https:\/\/imera-paris.com\/en\/terms-and-conditions","url":"https:\/\/imera-paris.com\/en\/terms-and-conditions","name":"Terms and Conditions - im\u00e9ra","isPartOf":{"@id":"https:\/\/imera-paris.com\/en#website"},"datePublished":"2021-03-15T13:48:39+00:00","dateModified":"2023-03-08T17:16:09+00:00","breadcrumb":{"@id":"https:\/\/imera-paris.com\/en\/terms-and-conditions#breadcrumb"},"inLanguage":"en-US","potentialAction":[{"@type":"ReadAction","target":["https:\/\/imera-paris.com\/en\/terms-and-conditions"]}]},{"@type":"BreadcrumbList","@id":"https:\/\/imera-paris.com\/en\/terms-and-conditions#breadcrumb","itemListElement":[{"@type":"ListItem","position":1,"name":"Accueil","item":"https:\/\/imera-paris.com\/en"},{"@type":"ListItem","position":2,"name":"Terms and Conditions"}]},{"@type":"WebSite","@id":"https:\/\/imera-paris.com\/en#website","url":"https:\/\/imera-paris.com\/en","name":"im\u00e9ra","description":"Pr\u00eat-\u00e0-porter intemporel fabriqu\u00e9 en France \ud83e\udde1","publisher":{"@id":"https:\/\/imera-paris.com\/en#organization"},"potentialAction":[{"@type":"SearchAction","target":{"@type":"EntryPoint","urlTemplate":"https:\/\/imera-paris.com\/en?s={search_term_string}"},"query-input":{"@type":"PropertyValueSpecification","valueRequired":true,"valueName":"search_term_string"}}],"inLanguage":"en-US"},{"@type":"Organization","@id":"https:\/\/imera-paris.com\/en#organization","name":"im\u00e9ra","url":"https:\/\/imera-paris.com\/en","logo":{"@type":"ImageObject","inLanguage":"en-US","@id":"https:\/\/imera-paris.com\/en#\/schema\/logo\/image\/","url":"https:\/\/imera-paris.com\/wp-content\/uploads\/2021\/11\/Logo_imera.png","contentUrl":"https:\/\/imera-paris.com\/wp-content\/uploads\/2021\/11\/Logo_imera.png","width":512,"height":148,"caption":"im\u00e9ra"},"image":{"@id":"https:\/\/imera-paris.com\/en#\/schema\/logo\/image\/"},"sameAs":["https:\/\/www.facebook.com\/imeraparis","https:\/\/www.instagram.com\/imeraparis\/","https:\/\/www.youtube.com\/channel\/UCBjJ4Z-oRVx_9VBE5uvxNuw"]}]}},"_links":{"self":[{"href":"https:\/\/imera-paris.com\/en\/wp-json\/wp\/v2\/pages\/3161"}],"collection":[{"href":"https:\/\/imera-paris.com\/en\/wp-json\/wp\/v2\/pages"}],"about":[{"href":"https:\/\/imera-paris.com\/en\/wp-json\/wp\/v2\/types\/page"}],"author":[{"embeddable":true,"href":"https:\/\/imera-paris.com\/en\/wp-json\/wp\/v2\/users\/3"}],"replies":[{"embeddable":true,"href":"https:\/\/imera-paris.com\/en\/wp-json\/wp\/v2\/comments?post=3161"}],"version-history":[{"count":2,"href":"https:\/\/imera-paris.com\/en\/wp-json\/wp\/v2\/pages\/3161\/revisions"}],"predecessor-version":[{"id":3163,"href":"https:\/\/imera-paris.com\/en\/wp-json\/wp\/v2\/pages\/3161\/revisions\/3163"}],"wp:attachment":[{"href":"https:\/\/imera-paris.com\/en\/wp-json\/wp\/v2\/media?parent=3161"}],"curies":[{"name":"wp","href":"https:\/\/api.w.org\/{rel}","templated":true}]}}