{"id":3139,"date":"2020-11-04T14:24:37","date_gmt":"2020-11-04T14:24:37","guid":{"rendered":"https:\/\/imera-paris.com\/faq"},"modified":"2023-03-09T11:49:20","modified_gmt":"2023-03-09T11:49:20","slug":"faq","status":"publish","type":"page","link":"https:\/\/imera-paris.com\/en\/faq","title":{"rendered":"FAQ"},"content":{"rendered":"<p>[et_pb_section fb_built=&#8221;1&#8243; _builder_version=&#8221;4.16&#8243; _module_preset=&#8221;default&#8221; global_colors_info=&#8221;{}&#8221; da_is_popup=&#8221;off&#8221; da_exit_intent=&#8221;off&#8221; da_has_close=&#8221;on&#8221; da_alt_close=&#8221;off&#8221; da_dark_close=&#8221;off&#8221; da_not_modal=&#8221;on&#8221; da_is_singular=&#8221;off&#8221; da_with_loader=&#8221;off&#8221; da_has_shadow=&#8221;on&#8221; da_disable_devices=&#8221;off|off|off&#8221;][et_pb_row _builder_version=&#8221;4.16&#8243; _module_preset=&#8221;default&#8221; custom_margin=&#8221;60px||||false|false&#8221; locked=&#8221;off&#8221; global_colors_info=&#8221;{}&#8221;][et_pb_column type=&#8221;4_4&#8243; _builder_version=&#8221;4.16&#8243; _module_preset=&#8221;default&#8221; global_colors_info=&#8221;{}&#8221;][et_pb_text _builder_version=&#8221;4.16&#8243; _module_preset=&#8221;default&#8221; text_font=&#8221;DM Sans||||||||&#8221; text_text_color=&#8221;rgba(0,0,0,0.81)&#8221; text_font_size=&#8221;18px&#8221; text_orientation=&#8221;center&#8221; custom_margin=&#8221;0px||||false|false&#8221; global_colors_info=&#8221;{}&#8221;]<\/p>\n<p>Frequently Asked Questions<\/p>\n<p>[\/et_pb_text][\/et_pb_column][\/et_pb_row][et_pb_row _builder_version=&#8221;4.16&#8243; _module_preset=&#8221;default&#8221; module_alignment=&#8221;center&#8221; custom_margin=&#8221;|auto||120px|false|false&#8221; custom_padding=&#8221;|||19px||&#8221; global_colors_info=&#8221;{}&#8221;][et_pb_column type=&#8221;4_4&#8243; _builder_version=&#8221;4.16&#8243; _module_preset=&#8221;default&#8221; global_colors_info=&#8221;{}&#8221;][et_pb_text _builder_version=&#8221;4.16&#8243; _module_preset=&#8221;default&#8221; text_font=&#8221;DM Sans||||||||&#8221; text_text_color=&#8221;rgba(0,0,0,0.81)&#8221; text_font_size=&#8221;17px&#8221; custom_margin=&#8221;0px||||false|false&#8221; global_colors_info=&#8221;{}&#8221;]<\/p>\n<p style=\"text-align: left;\">Orders<\/p>\n<p>[\/et_pb_text][\/et_pb_column][\/et_pb_row][et_pb_row _builder_version=&#8221;4.16&#8243; width=&#8221;82.8%&#8221; custom_margin=&#8221;-49px|auto||auto||&#8221; custom_padding=&#8221;41px|||||&#8221; locked=&#8221;off&#8221; global_colors_info=&#8221;{}&#8221;][et_pb_column type=&#8221;4_4&#8243; _builder_version=&#8221;4.16&#8243; custom_padding=&#8221;|||&#8221; global_colors_info=&#8221;{}&#8221; custom_padding__hover=&#8221;|||&#8221;][et_pb_toggle title=&#8221;What size should I order?&#8221; open_toggle_text_color=&#8221;#242424&#8243; closed_toggle_text_color=&#8221;rgba(0,0,0,0.59)&#8221; icon_color=&#8221;#242424&#8243; _builder_version=&#8221;4.16&#8243; title_level=&#8221;h2&#8243; title_font=&#8221;DM Sans|600|||||||&#8221; title_text_align=&#8221;left&#8221; title_font_size=&#8221;15px&#8221; title_line_height=&#8221;1.6em&#8221; closed_title_font=&#8221;DM Sans||||||||&#8221; closed_title_font_size=&#8221;15px&#8221; body_font=&#8221;DM Sans||||||||&#8221; body_font_size=&#8221;15px&#8221; body_line_height=&#8221;2em&#8221; background_color=&#8221;#ffffff&#8221; custom_margin=&#8221;||1px|||&#8221; custom_padding=&#8221;||18px|||&#8221; border_width_all=&#8221;0px&#8221; locked=&#8221;off&#8221; global_colors_info=&#8221;{}&#8221;]<\/p>\n<p><span id=\"p216\">We have a size guide that you can refer to for each item to know what size to order.<\/span><span id=\"p211\"><span> <\/span>Our clothes fit normally, however if you hesitate between two sizes we recommend that you take the larger size.<\/span><span id=\"p217\"><span> <\/span>If you have any questions, you can contact us via your customer area or by DM Instagram, we will be happy to help you.<\/span><\/p>\n<p>[\/et_pb_toggle][et_pb_toggle title=&#8221;Is it possible to change\/cancel my order?&#8221; open_toggle_text_color=&#8221;#242424&#8243; closed_toggle_text_color=&#8221;rgba(0,0,0,0.59)&#8221; icon_color=&#8221;#242424&#8243; _builder_version=&#8221;4.16&#8243; title_level=&#8221;h2&#8243; title_font=&#8221;DM Sans|600|||||||&#8221; title_text_align=&#8221;left&#8221; title_font_size=&#8221;15px&#8221; title_line_height=&#8221;1.6em&#8221; closed_title_font=&#8221;DM Sans||||||||&#8221; closed_title_font_size=&#8221;15px&#8221; body_font=&#8221;DM Sans||||||||&#8221; body_font_size=&#8221;15px&#8221; body_line_height=&#8221;2em&#8221; background_color=&#8221;#ffffff&#8221; custom_margin=&#8221;||1px|||&#8221; custom_padding=&#8221;||18px|||&#8221; border_width_all=&#8221;0px&#8221; locked=&#8221;off&#8221; global_colors_info=&#8221;{}&#8221;]<\/p>\n<p><span id=\"p219\">If your order is not yet being<span> <\/span><span id=\"222\">processed\/ready<\/span><span> <\/span>to<span> <\/span>ship<span> <\/span>,please email us through your customer area.<\/span><span id=\"p220\"><span> <\/span>On the other hand, if your order has already been dispatched, we will no longer be able to cancel it.<\/span><span id=\"p221\"><span> <\/span>Please check before confirming and paying for your order that the items in your basket are the ones you want to buy.<\/span><\/p>\n<p>[\/et_pb_toggle][et_pb_toggle title=&#8221;I want to change the delivery address, what should I do?&#8221; open_toggle_text_color=&#8221;#242424&#8243; closed_toggle_text_color=&#8221;rgba(0,0,0,0.59)&#8221; icon_color=&#8221;#242424&#8243; _builder_version=&#8221;4.16&#8243; title_level=&#8221;h2&#8243; title_font=&#8221;DM Sans|600|||||||&#8221; title_text_align=&#8221;left&#8221; title_font_size=&#8221;15px&#8221; title_line_height=&#8221;1.6em&#8221; closed_title_font=&#8221;DM Sans||||||||&#8221; closed_title_font_size=&#8221;15px&#8221; body_font=&#8221;DM Sans||||||||&#8221; body_font_size=&#8221;15px&#8221; body_line_height=&#8221;2em&#8221; background_color=&#8221;#ffffff&#8221; custom_margin=&#8221;||1px|||&#8221; custom_padding=&#8221;||18px|||&#8221; border_width_all=&#8221;0px&#8221; locked=&#8221;off&#8221; global_colors_info=&#8221;{}&#8221;]<\/p>\n<p><span id=\"p225\">If you wish to change your delivery address, please contact us via your customer area as soon as possible once your order has been validated.<\/span><span id=\"p230\"><span> <\/span>If your order has not yet been processed, we will try to change the destination address, but we cannot guarantee this.<\/span><span id=\"p227\"><span> <\/span>If your order has already been shipped, it will be your responsibility to contact the chosen delivery service to redirect your package to a new destination address.<\/span><\/p>\n<p>[\/et_pb_toggle][et_pb_toggle title=&#8221;What is the status of my order?&#8221; open_toggle_text_color=&#8221;#242424&#8243; closed_toggle_text_color=&#8221;rgba(0,0,0,0.59)&#8221; icon_color=&#8221;#242424&#8243; _builder_version=&#8221;4.16&#8243; title_level=&#8221;h2&#8243; title_font=&#8221;DM Sans|600|||||||&#8221; title_text_align=&#8221;left&#8221; title_font_size=&#8221;15px&#8221; title_line_height=&#8221;1.6em&#8221; closed_title_font=&#8221;DM Sans||||||||&#8221; closed_title_font_size=&#8221;15px&#8221; body_font=&#8221;DM Sans||||||||&#8221; body_font_size=&#8221;15px&#8221; body_line_height=&#8221;2em&#8221; background_color=&#8221;#ffffff&#8221; custom_margin=&#8221;||1px|||&#8221; custom_padding=&#8221;||18px|||&#8221; border_width_all=&#8221;0px&#8221; locked=&#8221;off&#8221; global_colors_info=&#8221;{}&#8221;]<\/p>\n<p>As soon as your package is shipped, a tracking number will be communicated to you through which you can follow its delivery.<\/p>\n<p>[\/et_pb_toggle][\/et_pb_column][\/et_pb_row][et_pb_row _builder_version=&#8221;4.16&#8243; _module_preset=&#8221;default&#8221; module_alignment=&#8221;center&#8221; custom_margin=&#8221;|auto||120px|false|false&#8221; custom_padding=&#8221;|||19px||&#8221; locked=&#8221;off&#8221; global_colors_info=&#8221;{}&#8221;][et_pb_column type=&#8221;4_4&#8243; _builder_version=&#8221;4.16&#8243; _module_preset=&#8221;default&#8221; global_colors_info=&#8221;{}&#8221;][et_pb_text _builder_version=&#8221;4.16&#8243; _module_preset=&#8221;default&#8221; text_font=&#8221;DM Sans||||||||&#8221; text_text_color=&#8221;rgba(0,0,0,0.81)&#8221; text_font_size=&#8221;17px&#8221; custom_margin=&#8221;0px||||false|false&#8221; global_colors_info=&#8221;{}&#8221;]<\/p>\n<p style=\"text-align: left;\">Returns<\/p>\n<p>[\/et_pb_text][\/et_pb_column][\/et_pb_row][et_pb_row _builder_version=&#8221;4.16&#8243; _module_preset=&#8221;default&#8221; custom_padding=&#8221;4px|||||&#8221; global_colors_info=&#8221;{}&#8221;][et_pb_column type=&#8221;4_4&#8243; _builder_version=&#8221;4.16&#8243; _module_preset=&#8221;default&#8221; global_colors_info=&#8221;{}&#8221;][et_pb_toggle title=&#8221;What is your return policy ?&#8221; open_toggle_text_color=&#8221;#242424&#8243; closed_toggle_text_color=&#8221;rgba(0,0,0,0.59)&#8221; icon_color=&#8221;#242424&#8243; _builder_version=&#8221;4.16&#8243; title_level=&#8221;h2&#8243; title_font=&#8221;DM Sans|600|||||||&#8221; title_text_align=&#8221;left&#8221; title_font_size=&#8221;15px&#8221; title_line_height=&#8221;1.6em&#8221; closed_title_font=&#8221;DM Sans||||||||&#8221; closed_title_font_size=&#8221;15px&#8221; body_font=&#8221;DM Sans||||||||&#8221; body_font_size=&#8221;15px&#8221; body_line_height=&#8221;2em&#8221; background_color=&#8221;#ffffff&#8221; custom_margin=&#8221;||1px|||&#8221; custom_padding=&#8221;||18px|||&#8221; border_width_all=&#8221;0px&#8221; locked=&#8221;off&#8221; global_colors_info=&#8221;{}&#8221;]<\/p>\n<p><span id=\"p255\">Items must be returned within 14 days of receiving your order.<\/span><span id=\"p256\"><span> <\/span>Items must be returned new, unworn, undamaged, unsoiled, with sealed tags and in their original packaging.<\/span><\/p>\n<p><span id=\"p257\">If you wish to return your item, you must make a request in your customer area, and we will send you a prepaid return form.<\/span><span id=\"p258\"><span> <\/span>Please keep the proof of deposit of your return in a safe place.<\/span><span id=\"p259\"><span> <\/span>We will only be able to proceed with the refund once the package has been received at our premises, and only if it meets the return conditions set out above.<\/span><span id=\"p260\"><span> <\/span>The refund will be made to the payment method used to make the purchase.<\/span><\/p>\n<p>For more information on returns, please see <a href=\"http:\/\/imera-paris.com\/livraison-et-retour\">this page<\/a><\/p>\n<p>[\/et_pb_toggle][et_pb_toggle title=&#8221;I want to exchange my item, is it possible?&#8221; open_toggle_text_color=&#8221;#242424&#8243; closed_toggle_text_color=&#8221;rgba(0,0,0,0.59)&#8221; icon_color=&#8221;#242424&#8243; _builder_version=&#8221;4.16&#8243; title_level=&#8221;h2&#8243; title_font=&#8221;DM Sans|600|||||||&#8221; title_text_align=&#8221;left&#8221; title_font_size=&#8221;15px&#8221; title_line_height=&#8221;1.6em&#8221; closed_title_font=&#8221;DM Sans||||||||&#8221; closed_title_font_size=&#8221;15px&#8221; body_font=&#8221;DM Sans||||||||&#8221; body_font_size=&#8221;15px&#8221; body_line_height=&#8221;2em&#8221; background_color=&#8221;#ffffff&#8221; custom_margin=&#8221;||1px|||&#8221; custom_padding=&#8221;||18px|||&#8221; border_width_all=&#8221;0px&#8221; locked=&#8221;off&#8221; global_colors_info=&#8221;{}&#8221;]<\/p>\n<p>We do not make exchanges. If you wish to order another size, please proceed with the refund of your item and then proceed with a new order.<\/p>\n<p>[\/et_pb_toggle][\/et_pb_column][\/et_pb_row][et_pb_row _builder_version=&#8221;4.16&#8243; _module_preset=&#8221;default&#8221; module_alignment=&#8221;center&#8221; custom_margin=&#8221;|auto||120px|false|false&#8221; custom_padding=&#8221;|||19px||&#8221; locked=&#8221;off&#8221; global_colors_info=&#8221;{}&#8221;][et_pb_column type=&#8221;4_4&#8243; _builder_version=&#8221;4.16&#8243; _module_preset=&#8221;default&#8221; global_colors_info=&#8221;{}&#8221;][et_pb_text _builder_version=&#8221;4.16&#8243; _module_preset=&#8221;default&#8221; text_font=&#8221;DM Sans||||||||&#8221; text_text_color=&#8221;rgba(0,0,0,0.81)&#8221; text_font_size=&#8221;17px&#8221; custom_margin=&#8221;0px||||false|false&#8221; global_colors_info=&#8221;{}&#8221;]<\/p>\n<p style=\"text-align: left;\">Shipping<\/p>\n<p>[\/et_pb_text][\/et_pb_column][\/et_pb_row][et_pb_row _builder_version=&#8221;4.16&#8243; width=&#8221;82.8%&#8221; custom_margin=&#8221;-49px|auto|-1px|auto||&#8221; custom_padding=&#8221;41px|||||&#8221; locked=&#8221;off&#8221; global_colors_info=&#8221;{}&#8221;][et_pb_column type=&#8221;4_4&#8243; _builder_version=&#8221;4.16&#8243; custom_padding=&#8221;|||&#8221; global_colors_info=&#8221;{}&#8221; custom_padding__hover=&#8221;|||&#8221;][et_pb_toggle title=&#8221;Where do you ship orders from?&#8221; open_toggle_text_color=&#8221;#242424&#8243; closed_toggle_text_color=&#8221;rgba(0,0,0,0.59)&#8221; icon_color=&#8221;#242424&#8243; _builder_version=&#8221;4.16&#8243; title_level=&#8221;h2&#8243; title_font=&#8221;DM Sans|600|||||||&#8221; title_text_align=&#8221;left&#8221; title_font_size=&#8221;15px&#8221; title_line_height=&#8221;1.6em&#8221; closed_title_font=&#8221;DM Sans||||||||&#8221; closed_title_font_size=&#8221;15px&#8221; body_font=&#8221;DM Sans||||||||&#8221; body_font_size=&#8221;15px&#8221; body_line_height=&#8221;2em&#8221; background_color=&#8221;#ffffff&#8221; custom_margin=&#8221;||1px|||&#8221; custom_padding=&#8221;||18px|||&#8221; border_width_all=&#8221;0px&#8221; locked=&#8221;off&#8221; global_colors_info=&#8221;{}&#8221;]<\/p>\n<p>Orders are shipped from our premises in the Paris region.<\/p>\n<p>[\/et_pb_toggle][et_pb_toggle title=&#8221;What are the different shipping options?&#8221; open_toggle_text_color=&#8221;#242424&#8243; closed_toggle_text_color=&#8221;rgba(0,0,0,0.59)&#8221; icon_color=&#8221;#242424&#8243; _builder_version=&#8221;4.16&#8243; title_level=&#8221;h2&#8243; title_font=&#8221;DM Sans|600|||||||&#8221; title_text_align=&#8221;left&#8221; title_font_size=&#8221;15px&#8221; title_line_height=&#8221;1.6em&#8221; closed_title_font=&#8221;DM Sans||||||||&#8221; closed_title_font_size=&#8221;15px&#8221; body_font=&#8221;DM Sans||||||||&#8221; body_font_size=&#8221;15px&#8221; body_line_height=&#8221;2em&#8221; background_color=&#8221;#ffffff&#8221; custom_margin=&#8221;||1px|||&#8221; custom_padding=&#8221;||18px|||&#8221; border_width_all=&#8221;0px&#8221; locked=&#8221;off&#8221; global_colors_info=&#8221;{}&#8221;]<\/p>\n<p>We ship our orders via La Poste with the Colissimo Suivi service.<\/p>\n<p>[\/et_pb_toggle][et_pb_toggle title=&#8221;What are the delivery times ?&#8221; open_toggle_text_color=&#8221;#242424&#8243; closed_toggle_text_color=&#8221;rgba(0,0,0,0.59)&#8221; icon_color=&#8221;#242424&#8243; _builder_version=&#8221;4.16&#8243; title_level=&#8221;h2&#8243; title_font=&#8221;DM Sans|600|||||||&#8221; title_text_align=&#8221;left&#8221; title_font_size=&#8221;15px&#8221; title_line_height=&#8221;1.6em&#8221; closed_title_font=&#8221;DM Sans||||||||&#8221; closed_title_font_size=&#8221;15px&#8221; body_font=&#8221;DM Sans||||||||&#8221; body_font_size=&#8221;15px&#8221; body_line_height=&#8221;2em&#8221; background_color=&#8221;#ffffff&#8221; custom_margin=&#8221;||1px|||&#8221; custom_padding=&#8221;||18px|||&#8221; border_width_all=&#8221;0px&#8221; locked=&#8221;off&#8221; global_colors_info=&#8221;{}&#8221;]<\/p>\n<p>Delivery is made between 3 to 5 days. For more information on delivery times, please visit <a href=\"http:\/\/imera-paris.com\/livraison-et-retour\">this page<\/a><\/p>\n<p>[\/et_pb_toggle][et_pb_toggle title=&#8221;How much is shipping ?&#8221; open_toggle_text_color=&#8221;#242424&#8243; closed_toggle_text_color=&#8221;rgba(0,0,0,0.59)&#8221; icon_color=&#8221;#242424&#8243; _builder_version=&#8221;4.16&#8243; title_level=&#8221;h2&#8243; title_font=&#8221;DM Sans|600|||||||&#8221; title_text_align=&#8221;left&#8221; title_font_size=&#8221;15px&#8221; title_line_height=&#8221;1.6em&#8221; closed_title_font=&#8221;DM Sans||||||||&#8221; closed_title_font_size=&#8221;15px&#8221; body_font=&#8221;DM Sans||||||||&#8221; body_font_size=&#8221;15px&#8221; body_line_height=&#8221;2em&#8221; background_color=&#8221;#ffffff&#8221; custom_margin=&#8221;||1px|||&#8221; custom_padding=&#8221;||18px|||&#8221; border_width_all=&#8221;0px&#8221; locked=&#8221;off&#8221; global_colors_info=&#8221;{}&#8221;]<\/p>\n<p>Delivery costs are free in Metropolitan France above 199\u20ac (Corsica &amp; Monaco included)<\/p>\n<p>[\/et_pb_toggle][et_pb_toggle title=&#8221;My package has not arrived, what should I do?&#8221; open_toggle_text_color=&#8221;#242424&#8243; closed_toggle_text_color=&#8221;rgba(0,0,0,0.59)&#8221; icon_color=&#8221;#242424&#8243; _builder_version=&#8221;4.16&#8243; title_level=&#8221;h2&#8243; title_font=&#8221;DM Sans|600|||||||&#8221; title_text_align=&#8221;left&#8221; title_font_size=&#8221;15px&#8221; title_line_height=&#8221;1.6em&#8221; closed_title_font=&#8221;DM Sans||||||||&#8221; closed_title_font_size=&#8221;15px&#8221; body_font=&#8221;DM Sans||||||||&#8221; body_font_size=&#8221;15px&#8221; body_line_height=&#8221;2em&#8221; background_color=&#8221;#ffffff&#8221; custom_margin=&#8221;||1px|||&#8221; custom_padding=&#8221;||18px|||&#8221; border_width_all=&#8221;0px&#8221; locked=&#8221;off&#8221; global_colors_info=&#8221;{}&#8221;]<\/p>\n<p>If your package hasn&#8217;t arrived, contact us via the messaging service in your customer area and we&#8217;ll help you locate it.<\/p>\n<p>[\/et_pb_toggle][\/et_pb_column][\/et_pb_row][\/et_pb_section]<\/p>\n","protected":false},"excerpt":{"rendered":"<p>Frequently Asked QuestionsOrdersWe have a size guide that you can refer to for each item to know what size to order. Our clothes fit normally, however if you hesitate between two sizes we recommend that you take the larger size. If you have any questions, you can contact us via your customer area or by [&hellip;]<\/p>\n","protected":false},"author":3,"featured_media":0,"parent":0,"menu_order":0,"comment_status":"closed","ping_status":"closed","template":"","meta":{"_et_pb_use_builder":"on","_et_pb_old_content":"","_et_gb_content_width":"","footnotes":""},"yoast_head":"<!-- This site is optimized with the Yoast SEO plugin v23.4 - https:\/\/yoast.com\/wordpress\/plugins\/seo\/ -->\n<title>FAQ - im\u00e9ra<\/title>\n<meta name=\"robots\" content=\"index, follow, max-snippet:-1, max-image-preview:large, max-video-preview:-1\" \/>\n<link rel=\"canonical\" href=\"https:\/\/imera-paris.com\/en\/faq\" \/>\n<meta property=\"og:locale\" content=\"en_US\" \/>\n<meta property=\"og:type\" content=\"article\" \/>\n<meta property=\"og:title\" content=\"FAQ - im\u00e9ra\" \/>\n<meta property=\"og:description\" content=\"Frequently Asked QuestionsOrdersWe have a size guide that you can refer to for each item to know what size to order. Our clothes fit normally, however if you hesitate between two sizes we recommend that you take the larger size. If you have any questions, you can contact us via your customer area or by [&hellip;]\" \/>\n<meta property=\"og:url\" content=\"https:\/\/imera-paris.com\/en\/faq\" \/>\n<meta property=\"og:site_name\" content=\"im\u00e9ra\" \/>\n<meta property=\"article:publisher\" content=\"https:\/\/www.facebook.com\/imeraparis\" \/>\n<meta property=\"article:modified_time\" content=\"2023-03-09T11:49:20+00:00\" \/>\n<meta name=\"twitter:card\" content=\"summary_large_image\" \/>\n<meta name=\"twitter:label1\" content=\"Est. reading time\" \/>\n\t<meta name=\"twitter:data1\" content=\"9 minutes\" \/>\n<script type=\"application\/ld+json\" class=\"yoast-schema-graph\">{\"@context\":\"https:\/\/schema.org\",\"@graph\":[{\"@type\":\"WebPage\",\"@id\":\"https:\/\/imera-paris.com\/en\/faq\",\"url\":\"https:\/\/imera-paris.com\/en\/faq\",\"name\":\"FAQ - im\u00e9ra\",\"isPartOf\":{\"@id\":\"https:\/\/imera-paris.com\/en#website\"},\"datePublished\":\"2020-11-04T14:24:37+00:00\",\"dateModified\":\"2023-03-09T11:49:20+00:00\",\"breadcrumb\":{\"@id\":\"https:\/\/imera-paris.com\/en\/faq#breadcrumb\"},\"inLanguage\":\"en-US\",\"potentialAction\":[{\"@type\":\"ReadAction\",\"target\":[\"https:\/\/imera-paris.com\/en\/faq\"]}]},{\"@type\":\"BreadcrumbList\",\"@id\":\"https:\/\/imera-paris.com\/en\/faq#breadcrumb\",\"itemListElement\":[{\"@type\":\"ListItem\",\"position\":1,\"name\":\"Accueil\",\"item\":\"https:\/\/imera-paris.com\/en\"},{\"@type\":\"ListItem\",\"position\":2,\"name\":\"FAQ\"}]},{\"@type\":\"WebSite\",\"@id\":\"https:\/\/imera-paris.com\/en#website\",\"url\":\"https:\/\/imera-paris.com\/en\",\"name\":\"im\u00e9ra\",\"description\":\"Pr\u00eat-\u00e0-porter intemporel fabriqu\u00e9 en France \ud83e\udde1\",\"publisher\":{\"@id\":\"https:\/\/imera-paris.com\/en#organization\"},\"potentialAction\":[{\"@type\":\"SearchAction\",\"target\":{\"@type\":\"EntryPoint\",\"urlTemplate\":\"https:\/\/imera-paris.com\/en?s={search_term_string}\"},\"query-input\":{\"@type\":\"PropertyValueSpecification\",\"valueRequired\":true,\"valueName\":\"search_term_string\"}}],\"inLanguage\":\"en-US\"},{\"@type\":\"Organization\",\"@id\":\"https:\/\/imera-paris.com\/en#organization\",\"name\":\"im\u00e9ra\",\"url\":\"https:\/\/imera-paris.com\/en\",\"logo\":{\"@type\":\"ImageObject\",\"inLanguage\":\"en-US\",\"@id\":\"https:\/\/imera-paris.com\/en#\/schema\/logo\/image\/\",\"url\":\"https:\/\/imera-paris.com\/wp-content\/uploads\/2021\/11\/Logo_imera.png\",\"contentUrl\":\"https:\/\/imera-paris.com\/wp-content\/uploads\/2021\/11\/Logo_imera.png\",\"width\":512,\"height\":148,\"caption\":\"im\u00e9ra\"},\"image\":{\"@id\":\"https:\/\/imera-paris.com\/en#\/schema\/logo\/image\/\"},\"sameAs\":[\"https:\/\/www.facebook.com\/imeraparis\",\"https:\/\/www.instagram.com\/imeraparis\/\",\"https:\/\/www.youtube.com\/channel\/UCBjJ4Z-oRVx_9VBE5uvxNuw\"]}]}<\/script>\n<!-- \/ Yoast SEO plugin. -->","yoast_head_json":{"title":"FAQ - im\u00e9ra","robots":{"index":"index","follow":"follow","max-snippet":"max-snippet:-1","max-image-preview":"max-image-preview:large","max-video-preview":"max-video-preview:-1"},"canonical":"https:\/\/imera-paris.com\/en\/faq","og_locale":"en_US","og_type":"article","og_title":"FAQ - im\u00e9ra","og_description":"Frequently Asked QuestionsOrdersWe have a size guide that you can refer to for each item to know what size to order. Our clothes fit normally, however if you hesitate between two sizes we recommend that you take the larger size. If you have any questions, you can contact us via your customer area or by [&hellip;]","og_url":"https:\/\/imera-paris.com\/en\/faq","og_site_name":"im\u00e9ra","article_publisher":"https:\/\/www.facebook.com\/imeraparis","article_modified_time":"2023-03-09T11:49:20+00:00","twitter_card":"summary_large_image","twitter_misc":{"Est. reading time":"9 minutes"},"schema":{"@context":"https:\/\/schema.org","@graph":[{"@type":"WebPage","@id":"https:\/\/imera-paris.com\/en\/faq","url":"https:\/\/imera-paris.com\/en\/faq","name":"FAQ - im\u00e9ra","isPartOf":{"@id":"https:\/\/imera-paris.com\/en#website"},"datePublished":"2020-11-04T14:24:37+00:00","dateModified":"2023-03-09T11:49:20+00:00","breadcrumb":{"@id":"https:\/\/imera-paris.com\/en\/faq#breadcrumb"},"inLanguage":"en-US","potentialAction":[{"@type":"ReadAction","target":["https:\/\/imera-paris.com\/en\/faq"]}]},{"@type":"BreadcrumbList","@id":"https:\/\/imera-paris.com\/en\/faq#breadcrumb","itemListElement":[{"@type":"ListItem","position":1,"name":"Accueil","item":"https:\/\/imera-paris.com\/en"},{"@type":"ListItem","position":2,"name":"FAQ"}]},{"@type":"WebSite","@id":"https:\/\/imera-paris.com\/en#website","url":"https:\/\/imera-paris.com\/en","name":"im\u00e9ra","description":"Pr\u00eat-\u00e0-porter intemporel fabriqu\u00e9 en France \ud83e\udde1","publisher":{"@id":"https:\/\/imera-paris.com\/en#organization"},"potentialAction":[{"@type":"SearchAction","target":{"@type":"EntryPoint","urlTemplate":"https:\/\/imera-paris.com\/en?s={search_term_string}"},"query-input":{"@type":"PropertyValueSpecification","valueRequired":true,"valueName":"search_term_string"}}],"inLanguage":"en-US"},{"@type":"Organization","@id":"https:\/\/imera-paris.com\/en#organization","name":"im\u00e9ra","url":"https:\/\/imera-paris.com\/en","logo":{"@type":"ImageObject","inLanguage":"en-US","@id":"https:\/\/imera-paris.com\/en#\/schema\/logo\/image\/","url":"https:\/\/imera-paris.com\/wp-content\/uploads\/2021\/11\/Logo_imera.png","contentUrl":"https:\/\/imera-paris.com\/wp-content\/uploads\/2021\/11\/Logo_imera.png","width":512,"height":148,"caption":"im\u00e9ra"},"image":{"@id":"https:\/\/imera-paris.com\/en#\/schema\/logo\/image\/"},"sameAs":["https:\/\/www.facebook.com\/imeraparis","https:\/\/www.instagram.com\/imeraparis\/","https:\/\/www.youtube.com\/channel\/UCBjJ4Z-oRVx_9VBE5uvxNuw"]}]}},"_links":{"self":[{"href":"https:\/\/imera-paris.com\/en\/wp-json\/wp\/v2\/pages\/3139"}],"collection":[{"href":"https:\/\/imera-paris.com\/en\/wp-json\/wp\/v2\/pages"}],"about":[{"href":"https:\/\/imera-paris.com\/en\/wp-json\/wp\/v2\/types\/page"}],"author":[{"embeddable":true,"href":"https:\/\/imera-paris.com\/en\/wp-json\/wp\/v2\/users\/3"}],"replies":[{"embeddable":true,"href":"https:\/\/imera-paris.com\/en\/wp-json\/wp\/v2\/comments?post=3139"}],"version-history":[{"count":6,"href":"https:\/\/imera-paris.com\/en\/wp-json\/wp\/v2\/pages\/3139\/revisions"}],"predecessor-version":[{"id":3185,"href":"https:\/\/imera-paris.com\/en\/wp-json\/wp\/v2\/pages\/3139\/revisions\/3185"}],"wp:attachment":[{"href":"https:\/\/imera-paris.com\/en\/wp-json\/wp\/v2\/media?parent=3139"}],"curies":[{"name":"wp","href":"https:\/\/api.w.org\/{rel}","templated":true}]}}