{"id":3126,"date":"2021-03-15T14:44:44","date_gmt":"2021-03-15T14:44:44","guid":{"rendered":"https:\/\/imera-paris.com\/mentions-legales"},"modified":"2023-03-16T14:14:10","modified_gmt":"2023-03-16T14:14:10","slug":"legal-notice","status":"publish","type":"page","link":"https:\/\/imera-paris.com\/en\/legal-notice","title":{"rendered":"Legal Notice"},"content":{"rendered":"<p>[et_pb_section fb_built=&#8221;1&#8243; _builder_version=&#8221;4.7.7&#8243; _module_preset=&#8221;default&#8221; global_colors_info=&#8221;{}&#8221;][et_pb_row _builder_version=&#8221;4.14.5&#8243; _module_preset=&#8221;default&#8221; custom_margin=&#8221;60px||||false|false&#8221; locked=&#8221;off&#8221; global_colors_info=&#8221;{}&#8221;][et_pb_column type=&#8221;4_4&#8243; _builder_version=&#8221;4.14.5&#8243; _module_preset=&#8221;default&#8221; global_colors_info=&#8221;{}&#8221;][et_pb_text _builder_version=&#8221;4.14.5&#8243; _module_preset=&#8221;default&#8221; text_font=&#8221;DM Sans||||||||&#8221; text_text_color=&#8221;rgba(0,0,0,0.81)&#8221; text_font_size=&#8221;18px&#8221; text_orientation=&#8221;center&#8221; custom_margin=&#8221;0px||||false|false&#8221; global_colors_info=&#8221;{}&#8221;]<\/p>\n<p>Legal Notice<\/p>\n<p>[\/et_pb_text][\/et_pb_column][\/et_pb_row][et_pb_row _builder_version=&#8221;4.7.7&#8243; _module_preset=&#8221;default&#8221; global_colors_info=&#8221;{}&#8221;][et_pb_column type=&#8221;4_4&#8243; _builder_version=&#8221;4.7.7&#8243; _module_preset=&#8221;default&#8221; global_colors_info=&#8221;{}&#8221;][et_pb_text _builder_version=&#8221;4.14.8&#8243; _module_preset=&#8221;default&#8221; text_font=&#8221;DM Sans||||||||&#8221; custom_margin_tablet=&#8221;&#8221; custom_margin_phone=&#8221;|-23px||-23px|false|false&#8221; custom_margin_last_edited=&#8221;on|phone&#8221; hover_enabled=&#8221;0&#8243; global_colors_info=&#8221;{}&#8221; sticky_enabled=&#8221;0&#8243;]<\/p>\n<p class=\"p1\" style=\"text-align: justify;\"><span id=\"p604\">The website www.imera-paris.com is created and edited by the company<span> <\/span><span id=\"614\" class=\"s-rg-t\">LCJ<\/span><span> <\/span><span id=\"615\" class=\"s-rg-t\">CREATION<\/span>.<\/span><\/p>\n<p><span id=\"p605\">The products purchased on this site are sold by the company<span> <\/span><span id=\"616\" class=\"s-rg-t\">LCJ<\/span><span> <\/span><span id=\"617\" class=\"s-rg-t\">CREATION<\/span>,<span> <\/span>S.A.S.U.<span> <\/span>with variable capital of 5,000 euros,<span> <\/span>R.C.S.<span> <\/span>de Nanterre 852 289 578, whose head office is located<span> <\/span><span id=\"620\" class=\"s-rg-t\">at<\/span><span> <\/span>39 Boulevard Henri Sellier, 92150 Suresnes.<\/span><\/p>\n<p><span id=\"p632\">Credits :<\/span><span id=\"p607\"><span> <\/span>All rights of reproduction or quotation are<span> <\/span><span id=\"623\" class=\"s-ve-t\">entitled<\/span><span> <\/span><span>to<\/span><span id=\"624\" class=\"s-rg-t\">LCJ<\/span><span> <\/span><span id=\"625\" class=\"s-rg-t\">CREATION<\/span>.<\/span><\/p>\n<p><span id=\"p633\">Hosting :<\/span><span id=\"p609\"><span> <\/span><span id=\"628\" class=\"s-rg-t\">IONOS<\/span><span> <\/span>whose headquarters are located at :<\/span><span id=\"p610\"><span> <\/span>7 Pl.<\/span><span id=\"p611\"><span> <\/span>De<span> <\/span>la<span> <\/span><span id=\"630\" class=\"s-rg-t\">Gare<\/span>, 57200 Sarreguemines<\/span><\/p>\n<p class=\"p1\" style=\"text-align: justify;\"><span><\/span><\/p>\n<p class=\"p1\" style=\"text-align: justify;\"><em>Updated on : 08.03.23<\/em><\/p>\n<p>[\/et_pb_text][\/et_pb_column][\/et_pb_row][\/et_pb_section]<\/p>\n","protected":false},"excerpt":{"rendered":"<p>Legal NoticeThe website www.imera-paris.com is created and edited by the company LCJ CREATION. The products purchased on this site are sold by the company LCJ CREATION, S.A.S.U. with variable capital of 5,000 euros, R.C.S. de Nanterre 852 289 578, whose head office is located at 39 Boulevard Henri Sellier, 92150 Suresnes. Credits : All rights [&hellip;]<\/p>\n","protected":false},"author":3,"featured_media":0,"parent":0,"menu_order":0,"comment_status":"closed","ping_status":"closed","template":"","meta":{"_et_pb_use_builder":"on","_et_pb_old_content":"","_et_gb_content_width":"","footnotes":""},"yoast_head":"<!-- This site is optimized with the Yoast SEO plugin v23.4 - https:\/\/yoast.com\/wordpress\/plugins\/seo\/ -->\n<title>Legal Notice - im\u00e9ra<\/title>\n<meta name=\"robots\" content=\"index, follow, max-snippet:-1, max-image-preview:large, max-video-preview:-1\" \/>\n<link rel=\"canonical\" href=\"https:\/\/imera-paris.com\/en\/legal-notice\" \/>\n<meta property=\"og:locale\" content=\"en_US\" \/>\n<meta property=\"og:type\" content=\"article\" \/>\n<meta property=\"og:title\" content=\"Legal Notice - im\u00e9ra\" \/>\n<meta property=\"og:description\" content=\"Legal NoticeThe website www.imera-paris.com is created and edited by the company LCJ CREATION. The products purchased on this site are sold by the company LCJ CREATION, S.A.S.U. with variable capital of 5,000 euros, R.C.S. de Nanterre 852 289 578, whose head office is located at 39 Boulevard Henri Sellier, 92150 Suresnes. Credits : All rights [&hellip;]\" \/>\n<meta property=\"og:url\" content=\"https:\/\/imera-paris.com\/en\/legal-notice\" \/>\n<meta property=\"og:site_name\" content=\"im\u00e9ra\" \/>\n<meta property=\"article:publisher\" content=\"https:\/\/www.facebook.com\/imeraparis\" \/>\n<meta property=\"article:modified_time\" content=\"2023-03-16T14:14:10+00:00\" \/>\n<meta name=\"twitter:card\" content=\"summary_large_image\" \/>\n<meta name=\"twitter:label1\" content=\"Est. reading time\" \/>\n\t<meta name=\"twitter:data1\" content=\"1 minute\" \/>\n<script type=\"application\/ld+json\" class=\"yoast-schema-graph\">{\"@context\":\"https:\/\/schema.org\",\"@graph\":[{\"@type\":\"WebPage\",\"@id\":\"https:\/\/imera-paris.com\/en\/legal-notice\",\"url\":\"https:\/\/imera-paris.com\/en\/legal-notice\",\"name\":\"Legal Notice - im\u00e9ra\",\"isPartOf\":{\"@id\":\"https:\/\/imera-paris.com\/en#website\"},\"datePublished\":\"2021-03-15T14:44:44+00:00\",\"dateModified\":\"2023-03-16T14:14:10+00:00\",\"breadcrumb\":{\"@id\":\"https:\/\/imera-paris.com\/en\/legal-notice#breadcrumb\"},\"inLanguage\":\"en-US\",\"potentialAction\":[{\"@type\":\"ReadAction\",\"target\":[\"https:\/\/imera-paris.com\/en\/legal-notice\"]}]},{\"@type\":\"BreadcrumbList\",\"@id\":\"https:\/\/imera-paris.com\/en\/legal-notice#breadcrumb\",\"itemListElement\":[{\"@type\":\"ListItem\",\"position\":1,\"name\":\"Accueil\",\"item\":\"https:\/\/imera-paris.com\/en\"},{\"@type\":\"ListItem\",\"position\":2,\"name\":\"Legal Notice\"}]},{\"@type\":\"WebSite\",\"@id\":\"https:\/\/imera-paris.com\/en#website\",\"url\":\"https:\/\/imera-paris.com\/en\",\"name\":\"im\u00e9ra\",\"description\":\"Pr\u00eat-\u00e0-porter intemporel fabriqu\u00e9 en France \ud83e\udde1\",\"publisher\":{\"@id\":\"https:\/\/imera-paris.com\/en#organization\"},\"potentialAction\":[{\"@type\":\"SearchAction\",\"target\":{\"@type\":\"EntryPoint\",\"urlTemplate\":\"https:\/\/imera-paris.com\/en?s={search_term_string}\"},\"query-input\":{\"@type\":\"PropertyValueSpecification\",\"valueRequired\":true,\"valueName\":\"search_term_string\"}}],\"inLanguage\":\"en-US\"},{\"@type\":\"Organization\",\"@id\":\"https:\/\/imera-paris.com\/en#organization\",\"name\":\"im\u00e9ra\",\"url\":\"https:\/\/imera-paris.com\/en\",\"logo\":{\"@type\":\"ImageObject\",\"inLanguage\":\"en-US\",\"@id\":\"https:\/\/imera-paris.com\/en#\/schema\/logo\/image\/\",\"url\":\"https:\/\/imera-paris.com\/wp-content\/uploads\/2021\/11\/Logo_imera.png\",\"contentUrl\":\"https:\/\/imera-paris.com\/wp-content\/uploads\/2021\/11\/Logo_imera.png\",\"width\":512,\"height\":148,\"caption\":\"im\u00e9ra\"},\"image\":{\"@id\":\"https:\/\/imera-paris.com\/en#\/schema\/logo\/image\/\"},\"sameAs\":[\"https:\/\/www.facebook.com\/imeraparis\",\"https:\/\/www.instagram.com\/imeraparis\/\",\"https:\/\/www.youtube.com\/channel\/UCBjJ4Z-oRVx_9VBE5uvxNuw\"]}]}<\/script>\n<!-- \/ Yoast SEO plugin. -->","yoast_head_json":{"title":"Legal Notice - im\u00e9ra","robots":{"index":"index","follow":"follow","max-snippet":"max-snippet:-1","max-image-preview":"max-image-preview:large","max-video-preview":"max-video-preview:-1"},"canonical":"https:\/\/imera-paris.com\/en\/legal-notice","og_locale":"en_US","og_type":"article","og_title":"Legal Notice - im\u00e9ra","og_description":"Legal NoticeThe website www.imera-paris.com is created and edited by the company LCJ CREATION. The products purchased on this site are sold by the company LCJ CREATION, S.A.S.U. with variable capital of 5,000 euros, R.C.S. de Nanterre 852 289 578, whose head office is located at 39 Boulevard Henri Sellier, 92150 Suresnes. Credits : All rights [&hellip;]","og_url":"https:\/\/imera-paris.com\/en\/legal-notice","og_site_name":"im\u00e9ra","article_publisher":"https:\/\/www.facebook.com\/imeraparis","article_modified_time":"2023-03-16T14:14:10+00:00","twitter_card":"summary_large_image","twitter_misc":{"Est. reading time":"1 minute"},"schema":{"@context":"https:\/\/schema.org","@graph":[{"@type":"WebPage","@id":"https:\/\/imera-paris.com\/en\/legal-notice","url":"https:\/\/imera-paris.com\/en\/legal-notice","name":"Legal Notice - im\u00e9ra","isPartOf":{"@id":"https:\/\/imera-paris.com\/en#website"},"datePublished":"2021-03-15T14:44:44+00:00","dateModified":"2023-03-16T14:14:10+00:00","breadcrumb":{"@id":"https:\/\/imera-paris.com\/en\/legal-notice#breadcrumb"},"inLanguage":"en-US","potentialAction":[{"@type":"ReadAction","target":["https:\/\/imera-paris.com\/en\/legal-notice"]}]},{"@type":"BreadcrumbList","@id":"https:\/\/imera-paris.com\/en\/legal-notice#breadcrumb","itemListElement":[{"@type":"ListItem","position":1,"name":"Accueil","item":"https:\/\/imera-paris.com\/en"},{"@type":"ListItem","position":2,"name":"Legal Notice"}]},{"@type":"WebSite","@id":"https:\/\/imera-paris.com\/en#website","url":"https:\/\/imera-paris.com\/en","name":"im\u00e9ra","description":"Pr\u00eat-\u00e0-porter intemporel fabriqu\u00e9 en France \ud83e\udde1","publisher":{"@id":"https:\/\/imera-paris.com\/en#organization"},"potentialAction":[{"@type":"SearchAction","target":{"@type":"EntryPoint","urlTemplate":"https:\/\/imera-paris.com\/en?s={search_term_string}"},"query-input":{"@type":"PropertyValueSpecification","valueRequired":true,"valueName":"search_term_string"}}],"inLanguage":"en-US"},{"@type":"Organization","@id":"https:\/\/imera-paris.com\/en#organization","name":"im\u00e9ra","url":"https:\/\/imera-paris.com\/en","logo":{"@type":"ImageObject","inLanguage":"en-US","@id":"https:\/\/imera-paris.com\/en#\/schema\/logo\/image\/","url":"https:\/\/imera-paris.com\/wp-content\/uploads\/2021\/11\/Logo_imera.png","contentUrl":"https:\/\/imera-paris.com\/wp-content\/uploads\/2021\/11\/Logo_imera.png","width":512,"height":148,"caption":"im\u00e9ra"},"image":{"@id":"https:\/\/imera-paris.com\/en#\/schema\/logo\/image\/"},"sameAs":["https:\/\/www.facebook.com\/imeraparis","https:\/\/www.instagram.com\/imeraparis\/","https:\/\/www.youtube.com\/channel\/UCBjJ4Z-oRVx_9VBE5uvxNuw"]}]}},"_links":{"self":[{"href":"https:\/\/imera-paris.com\/en\/wp-json\/wp\/v2\/pages\/3126"}],"collection":[{"href":"https:\/\/imera-paris.com\/en\/wp-json\/wp\/v2\/pages"}],"about":[{"href":"https:\/\/imera-paris.com\/en\/wp-json\/wp\/v2\/types\/page"}],"author":[{"embeddable":true,"href":"https:\/\/imera-paris.com\/en\/wp-json\/wp\/v2\/users\/3"}],"replies":[{"embeddable":true,"href":"https:\/\/imera-paris.com\/en\/wp-json\/wp\/v2\/comments?post=3126"}],"version-history":[{"count":23,"href":"https:\/\/imera-paris.com\/en\/wp-json\/wp\/v2\/pages\/3126\/revisions"}],"predecessor-version":[{"id":3269,"href":"https:\/\/imera-paris.com\/en\/wp-json\/wp\/v2\/pages\/3126\/revisions\/3269"}],"wp:attachment":[{"href":"https:\/\/imera-paris.com\/en\/wp-json\/wp\/v2\/media?parent=3126"}],"curies":[{"name":"wp","href":"https:\/\/api.w.org\/{rel}","templated":true}]}}